{"id":246,"date":"2024-10-04T10:12:43","date_gmt":"2024-10-04T08:12:43","guid":{"rendered":"https:\/\/www.bouedmir-conserverie.bzh\/?page_id=246"},"modified":"2025-02-18T14:21:05","modified_gmt":"2025-02-18T13:21:05","slug":"mentions-legales","status":"publish","type":"page","link":"https:\/\/www.bouedmir-conserverie.bzh\/index.php\/mentions-legales\/","title":{"rendered":"Mentions l\u00e9gales"},"content":{"rendered":"\n<div class=\"wp-block-group wrapper\"><div class=\"wp-block-group__inner-container is-layout-constrained wp-block-group-is-layout-constrained\">\n<h2 class=\"wp-block-heading has-custom-color-2-color has-text-color has-link-color wp-elements-f86b8392bfc3016f58bc70f40a03ffb8\">Conditions g\u00e9n\u00e9rales d&rsquo;utilisation du site<\/h2>\n\n\n\n<p class=\"has-custom-color-4-color has-text-color has-link-color wp-elements-7b97f6ab58ed9c97fea6ba0681421b5b\" style=\"font-size:1rem\">En acc\u00e9dant et en utilisant le site www.bouedmir-conserverie.bzh, vous acceptez les pr\u00e9sentes conditions g\u00e9n\u00e9rales d&rsquo;utilisation. Si vous n&rsquo;\u00eates pas d&rsquo;accord avec l&rsquo;une des dispositions de ces conditions, nous vous encourageons \u00e0 ne pas utiliser notre site.<\/p>\n\n\n\n<p class=\"has-custom-color-4-color has-text-color has-link-color wp-elements-2ae84846ce6eb1557864c07d557e1171\" style=\"font-size:1rem\"><strong>Utilisation du site :<\/strong>&nbsp;vous vous engagez \u00e0 ne pas utiliser le site \u00e0 des fins ill\u00e9gales, nuisibles, intrusives ou d&rsquo;une mani\u00e8re susceptible de porter atteinte \u00e0 la s\u00e9curit\u00e9 ou \u00e0 la confidentialit\u00e9 de l&rsquo;information.<\/p>\n\n\n\n<p class=\"has-custom-color-4-color has-text-color has-link-color wp-elements-63ce17d71622c7b203a84595c0987926\" style=\"font-size:1rem\"><strong>Compte utilisateur :<\/strong>&nbsp;lors de la cr\u00e9ation d&rsquo;un compte sur notre site, vous \u00eates responsable de la confidentialit\u00e9 de vos identifiants de connexion. Vous acceptez de nous informer imm\u00e9diatement en cas d&rsquo;utilisation non autoris\u00e9e de votre compte.<\/p>\n\n\n\n<p class=\"has-custom-color-4-color has-text-color has-link-color wp-elements-f02490296751da94ef5622872857fa69\" style=\"font-size:1rem\"><strong>Commandes et transactions :<\/strong>&nbsp;les commandes pass\u00e9es sur notre site sont soumises \u00e0 nos conditions g\u00e9n\u00e9rales de vente. En effectuant une commande, vous acceptez \u00e9galement ces conditions.<\/p>\n\n\n\n<p class=\"has-custom-color-4-color has-text-color has-link-color wp-elements-bd57211a4e7693089f066b25b6954598\" style=\"font-size:1rem\"><strong>Modification des Mentions L\u00e9gales :<\/strong>&nbsp;la soci\u00e9t\u00e9 BOUED MIR se r\u00e9serve le droit de modifier les pr\u00e9sentes conditions g\u00e9n\u00e9rales d&rsquo;utilisation \u00e0 tout moment. Les modifications seront effectives d\u00e8s leur publication sur le site. Il est de votre responsabilit\u00e9 de consulter r\u00e9guli\u00e8rement ces conditions pour prendre connaissance des \u00e9ventuelles mises \u00e0 jour.<\/p>\n\n\n\n<h2 class=\"wp-block-heading has-custom-color-2-color has-text-color has-link-color wp-elements-72672aaba15ad62c002925f3a040c4f4\">Pr\u00e9sentation du site<\/h2>\n\n\n\n<p class=\"has-custom-color-4-color has-text-color has-link-color wp-elements-55ed52036cd9f02043742f4e73a7e2f7\" style=\"font-size:1rem\">Cr\u00e9ation : autocr\u00e9ation par Marie BRETON<\/p>\n\n\n\n<p class=\"has-custom-color-4-color has-text-color has-link-color wp-elements-7038dd27a4f4ca1b575405c9028bc112\" style=\"font-size:1rem\">Conception : le site www.bouedmir-conserverie.bzh a \u00e9t\u00e9 cr\u00e9\u00e9 \u00e0 l&rsquo;aide de wordpress. <\/p>\n\n\n\n<p class=\"has-custom-color-4-color has-text-color has-link-color wp-elements-f87251019c1ea6b6a4dbf12aa5d1fd71\" style=\"font-size:1rem\">H\u00e9bergeur : OVH<\/p>\n\n\n\n<p class=\"has-custom-color-4-color has-text-color has-link-color wp-elements-9c4e4feffd4b7b5ece2de83067432a70\" style=\"font-size:1rem\">Responsable publication : Marie BRETON&nbsp;<a href=\"mailto:bouedmir@gmail.com\">bouedmir@gmail.com<\/a><\/p>\n\n\n\n<p class=\"has-custom-color-4-color has-text-color has-link-color wp-elements-e75f61b24303817dabbe6b2cf3ae21a4\" style=\"font-size:1rem\">H\u00e9bergement :&nbsp;<\/p>\n\n\n\n<h2 class=\"wp-block-heading has-custom-color-2-color has-text-color has-link-color wp-elements-4f6a22338a1619e08e6b8783626cee1f\">Propri\u00e9taire<\/h2>\n\n\n\n<p class=\"has-custom-color-4-color has-text-color has-link-color wp-elements-75180ad5ae6e2d5b46f03673c30f3077\" style=\"font-size:1rem\">SARL BOUED MIR<\/p>\n\n\n\n<p class=\"has-custom-color-4-color has-text-color has-link-color wp-elements-90cb4817d14a1f2be9428a1ef65f17fc\" style=\"font-size:1rem\">9, place Tanguy Prigent<\/p>\n\n\n\n<p class=\"has-custom-color-4-color has-text-color has-link-color wp-elements-d7bb5b1b2e097da747f4af460a125ddc\" style=\"font-size:1rem\">29620 LANMEUR<\/p>\n\n\n\n<p class=\"has-custom-color-4-color has-text-color has-link-color wp-elements-67b7f4aad3f489b4773e3dc7655a0a40\" style=\"font-size:1rem\">06 20 06 47 91<\/p>\n\n\n\n<p class=\"has-custom-color-4-color has-text-color has-link-color wp-elements-5dc2ce02a6b708c8cd709de2da9a756f\" style=\"font-size:1rem\">Soci\u00e9t\u00e9 \u00e0 Responsabilit\u00e9 Limit\u00e9e au capital de 10 000 euros inscrite au RCS de Brest sous le num\u00e9ro 981 069 081.<\/p>\n\n\n\n<p class=\"has-custom-color-4-color has-text-color has-link-color wp-elements-30c60c503b1fbb01d2f7d8614ac51ee6\" style=\"font-size:1rem\">Num\u00e9ro de TVA intracommunautaire : FR81981069081<\/p>\n\n\n\n<h2 class=\"wp-block-heading has-custom-color-2-color has-text-color has-link-color wp-elements-55e6d45410f27a7c9ee36db4fcf51321\">Confidentialit\u00e9<\/h2>\n\n\n\n<p class=\"has-custom-color-4-color has-text-color has-link-color wp-elements-366d0ab21960cfd5d40cbef0195bfd27\" style=\"font-size:1rem\">Les donn\u00e9es ne peuvent \u00eatre collect\u00e9es et trait\u00e9es qu&rsquo;avec le consentement de l&rsquo;utilisateur propri\u00e9taire des donn\u00e9es. Ce dernier sera inform\u00e9 des raisons de la collecte de ses donn\u00e9es. Seules les donn\u00e9es n\u00e9cessaires sont collect\u00e9es et conserv\u00e9es pour une dur\u00e9e limit\u00e9e. Le traitement des donn\u00e9es est confidentiel.<\/p>\n\n\n\n<p class=\"has-custom-color-4-color has-text-color has-link-color wp-elements-26c1d0ed8036881790b60c75e53415af\" style=\"font-size:1rem\">La collecte de donn\u00e9es personnelles ne peut avoir lieu que si l&rsquo;une des conditions suivantes est respect\u00e9e : l&rsquo;utilisateur a donn\u00e9 son consentement, la collecte de donn\u00e9es est n\u00e9cessaire pour l&rsquo;ex\u00e9cution du contrat, ou la collecte est li\u00e9e \u00e0 une obligation l\u00e9gale. Les donn\u00e9es \u00e0 caract\u00e8re personnel collect\u00e9es incluent le pr\u00e9nom, le nom, l&rsquo;adresse e-mail, l&rsquo;adresse postale et le num\u00e9ro de t\u00e9l\u00e9phone. Ces donn\u00e9es sont collect\u00e9es lorsque l&rsquo;utilisateur passe une commande sur le site ou cr\u00e9e un compte.<\/p>\n\n\n\n<p class=\"has-custom-color-4-color has-text-color has-link-color wp-elements-99d806e929a6130b6c45f74e2a73b111\" style=\"font-size:1rem\">Par ailleurs, lors d&rsquo;un paiement sur le site, une preuve de la transaction, comprenant le bon de commande et la facture, sera conserv\u00e9e dans les syst\u00e8mes informatiques de l&rsquo;\u00e9diteur du site. Les donn\u00e9es seront stock\u00e9es dans des conditions raisonnables de s\u00e9curit\u00e9 pour une dur\u00e9e de 3 ans.<\/p>\n\n\n\n<p class=\"has-custom-color-4-color has-text-color has-link-color wp-elements-801a3bea401b671f340a02ebb150e489\" style=\"font-size:1rem\">L&rsquo;utilisateur a le droit d&rsquo;acc\u00e9der \u00e0 ses donn\u00e9es personnelles, de les rectifier, de les supprimer, de s&rsquo;opposer \u00e0 leur traitement ou de demander la portabilit\u00e9 de ses donn\u00e9es. Pour exercer ces droits ou pour toute question concernant la politique de confidentialit\u00e9, l&rsquo;utilisateur peut contacter notre service client\u00e8le \u00e0 bouedmir@gmail.com.<\/p>\n\n\n\n<p class=\"has-custom-color-4-color has-text-color has-link-color wp-elements-bb7a0f578aed39ff0cacf5d9bf215336\" style=\"font-size:1rem\">En utilisant notre site, l&rsquo;utilisateur reconna\u00eet avoir pris connaissance de notre politique de confidentialit\u00e9 et consent \u00e0 la collecte et au traitement de ses donn\u00e9es personnelles dans les conditions d\u00e9crites ci-dessus.<\/p>\n\n\n\n<h2 class=\"wp-block-heading has-custom-color-2-color has-text-color has-link-color wp-elements-21efad9612d16a94f46bcd390f44a1df\">Propri\u00e9t\u00e9 intellectuelle<\/h2>\n\n\n\n<p class=\"has-custom-color-4-color has-text-color has-link-color wp-elements-f05f46632d2daab0e2ad851efacba7fc\" style=\"font-size:1rem\">Toutes les images pr\u00e9sentes sur le site www.bouedmir-conserverie.bzh sont la propri\u00e9t\u00e9 exclusive de la soci\u00e9t\u00e9 BOUED MIR, ou de tiers ayant autoris\u00e9 la soci\u00e9t\u00e9 BOUED MIR \u00e0 les utiliser.&nbsp;<\/p>\n\n\n\n<p class=\"has-custom-color-4-color has-text-color has-link-color wp-elements-4829ba7f294b84138024c552e44195d8\" style=\"font-size:1rem\">Aucune reproduction, distribution, modification ou utilisation des images, de tout ou partie des \u00e9l\u00e9ments pr\u00e9sents sur le site n&rsquo;est autoris\u00e9e sans le consentement \u00e9crit pr\u00e9alable de la soci\u00e9t\u00e9 BOUED MIR.&nbsp;<\/p>\n\n\n\n<p class=\"has-custom-color-4-color has-text-color has-link-color wp-elements-b2c93661f54f5008f8de384ab49ddf07\" style=\"font-size:1rem\">Les marques d\u00e9pos\u00e9es et les logos utilis\u00e9s sur le site sont la propri\u00e9t\u00e9 de BOUED MIR et leur utilisation non autoris\u00e9e est strictement interdite.<\/p>\n\n\n\n<p class=\"has-custom-color-4-color has-text-color has-link-color wp-elements-06af2c733f77f4a0c0c27fb40b457c3f\" style=\"font-size:1rem\">La soci\u00e9t\u00e9 BOUED MIR se r\u00e9serve le droit d&rsquo;engager des poursuites judiciaires contre toute personne ou entit\u00e9 enfreignant ces droits de propri\u00e9t\u00e9.<\/p>\n\n\n\n<h2 class=\"wp-block-heading has-custom-color-2-color has-text-color has-link-color wp-elements-d3f716b8ba119b87beffea5d916360a0\">Cookies<\/h2>\n\n\n\n<p class=\"has-custom-color-4-color has-text-color has-link-color wp-elements-fe6e9ee15cc7dc4c293a5d452e572198\" style=\"font-size:1rem\">Le site www.bouedmir-conserverie.bzh utilise des cookies. Les cookies sont de petits fichiers texte qui sont stock\u00e9s sur votre appareil lorsque vous acc\u00e9dez \u00e0 notre site. Ils nous permettent de recueillir des informations sur votre utilisation du site afin d&rsquo;optimiser son fonctionnement.<\/p>\n\n\n\n<p class=\"has-custom-color-4-color has-text-color has-link-color wp-elements-c5ced5ed41cdc69337d98e4cc0a7940a\" style=\"font-size:1rem\">Le refus d&rsquo;installation d&rsquo;un cookie peut entra\u00eener l&rsquo;impossibilit\u00e9 d&rsquo;acc\u00e9der \u00e0 certains services.<\/p>\n\n\n\n<p class=\"has-custom-color-4-color has-text-color has-link-color wp-elements-14f4cc37b2af08c2790158ff1c919884\" style=\"font-size:1rem\">En utilisant le site www.bouedmir-conserverie.bzh, vous consentez \u00e0 l&rsquo;utilisation de cookies. Vous avez n\u00e9anmoins la possibilit\u00e9 de g\u00e9rer les cookies en ajustant les param\u00e8tres de votre navigateur, vous pouvez choisir d&rsquo;accepter tous les cookies, d&rsquo;\u00eatre averti lorsqu&rsquo;un cookie est envoy\u00e9, ou les d\u00e9sactiver compl\u00e8tement.&nbsp;<\/p>\n\n\n\n<h2 class=\"wp-block-heading has-custom-color-2-color has-text-color has-link-color wp-elements-1ccd8d6aeb0a8df46a85449f343b8930\">Droit applicable<\/h2>\n\n\n\n<p class=\"has-custom-color-4-color has-text-color has-link-color wp-elements-c294f7ad0129c20a1fb303e907aec72d\" style=\"font-size:1rem\">Les pr\u00e9sentes conditions g\u00e9n\u00e9rales de vente et l&rsquo;ensemble des transactions commerciales conclues sur le site de BOUED MIR sont r\u00e9gies par le droit fran\u00e7ais. Tout litige d\u00e9coulant de l&rsquo;interpr\u00e9tation, de la conclusion, de l&rsquo;ex\u00e9cution ou de la cessation des contrats conclus entre BOUED MIR et ses clients sera soumis \u00e0 la juridiction exclusive des tribunaux fran\u00e7ais comp\u00e9tents. En choisissant d&rsquo;acc\u00e9der \u00e0 notre site et d&rsquo;y effectuer des transactions, les utilisateurs acceptent irr\u00e9vocablement l&rsquo;application du droit fran\u00e7ais aux pr\u00e9sentes conditions g\u00e9n\u00e9rales.<\/p>\n\n\n\n<p class=\"has-custom-color-4-color has-text-color has-link-color wp-elements-d044143e900c9b7853df04a7085b6259\" style=\"font-size:1rem\">Les principales lois concern\u00e9es sont :<\/p>\n\n\n\n<p class=\"has-custom-color-4-color has-text-color has-link-color wp-elements-4f699424ce7100b7e6949802e1b3890d\" style=\"font-size:1rem\">&#8211; Loi n\u00b078-17 du 6 janvier 1978, notamment modifi\u00e9e par la loi n\u00b0 2004-801 du 6 ao\u00fbt 2004 relative \u00e0 l\u2019informatique, aux fichiers et aux libert\u00e9s<\/p>\n\n\n\n<p class=\"has-custom-color-4-color has-text-color has-link-color wp-elements-44c043af900111ab68fa6fd9701040e9\" style=\"font-size:1rem\">&#8211; Loi n\u00b0 2004-575 du 21 juin 2004 pour la confiance dans l\u2019\u00e9conomie num\u00e9rique.<\/p>\n<\/div><\/div>\n","protected":false},"excerpt":{"rendered":"<p>Conditions g\u00e9n\u00e9rales d&rsquo;utilisation du site En acc\u00e9dant et en utilisant le site www.bouedmir-conserverie.bzh, vous acceptez les pr\u00e9sentes conditions g\u00e9n\u00e9rales d&rsquo;utilisation. Si vous n&rsquo;\u00eates pas d&rsquo;accord avec l&rsquo;une des dispositions de ces conditions, nous vous encourageons \u00e0 ne pas utiliser notre site. Utilisation du site :&nbsp;vous vous engagez \u00e0 ne pas utiliser le site \u00e0 des [&hellip;]<\/p>\n","protected":false},"author":1,"featured_media":0,"parent":0,"menu_order":0,"comment_status":"closed","ping_status":"closed","template":"","meta":{"inline_featured_image":false,"_themeisle_gutenberg_block_has_review":false,"footnotes":""},"class_list":["post-246","page","type-page","status-publish","hentry"],"yoast_head":"<!-- This site is optimized with the Yoast SEO plugin v26.8 - https:\/\/yoast.com\/product\/yoast-seo-wordpress\/ -->\n<title>Mentions l\u00e9gales - Boued Mir, conserverie artisanale bretonne<\/title>\n<meta name=\"robots\" content=\"index, follow, max-snippet:-1, max-image-preview:large, max-video-preview:-1\" \/>\n<link rel=\"canonical\" href=\"https:\/\/www.bouedmir-conserverie.bzh\/index.php\/mentions-legales\/\" \/>\n<meta property=\"og:locale\" content=\"fr_FR\" \/>\n<meta property=\"og:type\" content=\"article\" \/>\n<meta property=\"og:title\" content=\"Mentions l\u00e9gales - Boued Mir, conserverie artisanale bretonne\" \/>\n<meta property=\"og:description\" content=\"Conditions g\u00e9n\u00e9rales d&rsquo;utilisation du site En acc\u00e9dant et en utilisant le site www.bouedmir-conserverie.bzh, vous acceptez les pr\u00e9sentes conditions g\u00e9n\u00e9rales d&rsquo;utilisation. Si vous n&rsquo;\u00eates pas d&rsquo;accord avec l&rsquo;une des dispositions de ces conditions, nous vous encourageons \u00e0 ne pas utiliser notre site. Utilisation du site :&nbsp;vous vous engagez \u00e0 ne pas utiliser le site \u00e0 des [&hellip;]\" \/>\n<meta property=\"og:url\" content=\"https:\/\/www.bouedmir-conserverie.bzh\/index.php\/mentions-legales\/\" \/>\n<meta property=\"og:site_name\" content=\"Boued Mir, conserverie artisanale bretonne\" \/>\n<meta property=\"article:publisher\" content=\"https:\/\/www.facebook.com\/bouedmirconserverie\" \/>\n<meta property=\"article:modified_time\" content=\"2025-02-18T13:21:05+00:00\" \/>\n<meta name=\"twitter:card\" content=\"summary_large_image\" \/>\n<meta name=\"twitter:label1\" content=\"Dur\u00e9e de lecture estim\u00e9e\" \/>\n\t<meta name=\"twitter:data1\" content=\"5 minutes\" \/>\n<script type=\"application\/ld+json\" class=\"yoast-schema-graph\">{\"@context\":\"https:\/\/schema.org\",\"@graph\":[{\"@type\":\"WebPage\",\"@id\":\"https:\/\/www.bouedmir-conserverie.bzh\/index.php\/mentions-legales\/\",\"url\":\"https:\/\/www.bouedmir-conserverie.bzh\/index.php\/mentions-legales\/\",\"name\":\"Mentions l\u00e9gales - Boued Mir, conserverie artisanale bretonne\",\"isPartOf\":{\"@id\":\"https:\/\/www.bouedmir-conserverie.bzh\/#website\"},\"datePublished\":\"2024-10-04T08:12:43+00:00\",\"dateModified\":\"2025-02-18T13:21:05+00:00\",\"breadcrumb\":{\"@id\":\"https:\/\/www.bouedmir-conserverie.bzh\/index.php\/mentions-legales\/#breadcrumb\"},\"inLanguage\":\"fr-FR\",\"potentialAction\":[{\"@type\":\"ReadAction\",\"target\":[\"https:\/\/www.bouedmir-conserverie.bzh\/index.php\/mentions-legales\/\"]}]},{\"@type\":\"BreadcrumbList\",\"@id\":\"https:\/\/www.bouedmir-conserverie.bzh\/index.php\/mentions-legales\/#breadcrumb\",\"itemListElement\":[{\"@type\":\"ListItem\",\"position\":1,\"name\":\"Accueil\",\"item\":\"https:\/\/www.bouedmir-conserverie.bzh\/\"},{\"@type\":\"ListItem\",\"position\":2,\"name\":\"Mentions l\u00e9gales\"}]},{\"@type\":\"WebSite\",\"@id\":\"https:\/\/www.bouedmir-conserverie.bzh\/#website\",\"url\":\"https:\/\/www.bouedmir-conserverie.bzh\/\",\"name\":\"Boued Mir, conserverie v\u00e9g\u00e9tale bretonne\",\"description\":\"Faites-vous plaisir avec un ap\u00e9ro qui a du sens !\",\"publisher\":{\"@id\":\"https:\/\/www.bouedmir-conserverie.bzh\/#organization\"},\"potentialAction\":[{\"@type\":\"SearchAction\",\"target\":{\"@type\":\"EntryPoint\",\"urlTemplate\":\"https:\/\/www.bouedmir-conserverie.bzh\/?s={search_term_string}\"},\"query-input\":{\"@type\":\"PropertyValueSpecification\",\"valueRequired\":true,\"valueName\":\"search_term_string\"}}],\"inLanguage\":\"fr-FR\"},{\"@type\":\"Organization\",\"@id\":\"https:\/\/www.bouedmir-conserverie.bzh\/#organization\",\"name\":\"Boued Mir, conserverie v\u00e9g\u00e9tale bretonne\",\"url\":\"https:\/\/www.bouedmir-conserverie.bzh\/\",\"logo\":{\"@type\":\"ImageObject\",\"inLanguage\":\"fr-FR\",\"@id\":\"https:\/\/www.bouedmir-conserverie.bzh\/#\/schema\/logo\/image\/\",\"url\":\"https:\/\/www.bouedmir-conserverie.bzh\/wp-content\/uploads\/2024\/09\/BouedMir_Logo_CMJN_Couleurs.png\",\"contentUrl\":\"https:\/\/www.bouedmir-conserverie.bzh\/wp-content\/uploads\/2024\/09\/BouedMir_Logo_CMJN_Couleurs.png\",\"width\":1080,\"height\":1080,\"caption\":\"Boued Mir, conserverie v\u00e9g\u00e9tale bretonne\"},\"image\":{\"@id\":\"https:\/\/www.bouedmir-conserverie.bzh\/#\/schema\/logo\/image\/\"},\"sameAs\":[\"https:\/\/www.facebook.com\/bouedmirconserverie\",\"https:\/\/www.instagram.com\/bouedmir_conserverie\/\"]}]}<\/script>\n<!-- \/ Yoast SEO plugin. -->","yoast_head_json":{"title":"Mentions l\u00e9gales - Boued Mir, conserverie artisanale bretonne","robots":{"index":"index","follow":"follow","max-snippet":"max-snippet:-1","max-image-preview":"max-image-preview:large","max-video-preview":"max-video-preview:-1"},"canonical":"https:\/\/www.bouedmir-conserverie.bzh\/index.php\/mentions-legales\/","og_locale":"fr_FR","og_type":"article","og_title":"Mentions l\u00e9gales - Boued Mir, conserverie artisanale bretonne","og_description":"Conditions g\u00e9n\u00e9rales d&rsquo;utilisation du site En acc\u00e9dant et en utilisant le site www.bouedmir-conserverie.bzh, vous acceptez les pr\u00e9sentes conditions g\u00e9n\u00e9rales d&rsquo;utilisation. Si vous n&rsquo;\u00eates pas d&rsquo;accord avec l&rsquo;une des dispositions de ces conditions, nous vous encourageons \u00e0 ne pas utiliser notre site. Utilisation du site :&nbsp;vous vous engagez \u00e0 ne pas utiliser le site \u00e0 des [&hellip;]","og_url":"https:\/\/www.bouedmir-conserverie.bzh\/index.php\/mentions-legales\/","og_site_name":"Boued Mir, conserverie artisanale bretonne","article_publisher":"https:\/\/www.facebook.com\/bouedmirconserverie","article_modified_time":"2025-02-18T13:21:05+00:00","twitter_card":"summary_large_image","twitter_misc":{"Dur\u00e9e de lecture estim\u00e9e":"5 minutes"},"schema":{"@context":"https:\/\/schema.org","@graph":[{"@type":"WebPage","@id":"https:\/\/www.bouedmir-conserverie.bzh\/index.php\/mentions-legales\/","url":"https:\/\/www.bouedmir-conserverie.bzh\/index.php\/mentions-legales\/","name":"Mentions l\u00e9gales - Boued Mir, conserverie artisanale bretonne","isPartOf":{"@id":"https:\/\/www.bouedmir-conserverie.bzh\/#website"},"datePublished":"2024-10-04T08:12:43+00:00","dateModified":"2025-02-18T13:21:05+00:00","breadcrumb":{"@id":"https:\/\/www.bouedmir-conserverie.bzh\/index.php\/mentions-legales\/#breadcrumb"},"inLanguage":"fr-FR","potentialAction":[{"@type":"ReadAction","target":["https:\/\/www.bouedmir-conserverie.bzh\/index.php\/mentions-legales\/"]}]},{"@type":"BreadcrumbList","@id":"https:\/\/www.bouedmir-conserverie.bzh\/index.php\/mentions-legales\/#breadcrumb","itemListElement":[{"@type":"ListItem","position":1,"name":"Accueil","item":"https:\/\/www.bouedmir-conserverie.bzh\/"},{"@type":"ListItem","position":2,"name":"Mentions l\u00e9gales"}]},{"@type":"WebSite","@id":"https:\/\/www.bouedmir-conserverie.bzh\/#website","url":"https:\/\/www.bouedmir-conserverie.bzh\/","name":"Boued Mir, conserverie v\u00e9g\u00e9tale bretonne","description":"Faites-vous plaisir avec un ap\u00e9ro qui a du sens !","publisher":{"@id":"https:\/\/www.bouedmir-conserverie.bzh\/#organization"},"potentialAction":[{"@type":"SearchAction","target":{"@type":"EntryPoint","urlTemplate":"https:\/\/www.bouedmir-conserverie.bzh\/?s={search_term_string}"},"query-input":{"@type":"PropertyValueSpecification","valueRequired":true,"valueName":"search_term_string"}}],"inLanguage":"fr-FR"},{"@type":"Organization","@id":"https:\/\/www.bouedmir-conserverie.bzh\/#organization","name":"Boued Mir, conserverie v\u00e9g\u00e9tale bretonne","url":"https:\/\/www.bouedmir-conserverie.bzh\/","logo":{"@type":"ImageObject","inLanguage":"fr-FR","@id":"https:\/\/www.bouedmir-conserverie.bzh\/#\/schema\/logo\/image\/","url":"https:\/\/www.bouedmir-conserverie.bzh\/wp-content\/uploads\/2024\/09\/BouedMir_Logo_CMJN_Couleurs.png","contentUrl":"https:\/\/www.bouedmir-conserverie.bzh\/wp-content\/uploads\/2024\/09\/BouedMir_Logo_CMJN_Couleurs.png","width":1080,"height":1080,"caption":"Boued Mir, conserverie v\u00e9g\u00e9tale bretonne"},"image":{"@id":"https:\/\/www.bouedmir-conserverie.bzh\/#\/schema\/logo\/image\/"},"sameAs":["https:\/\/www.facebook.com\/bouedmirconserverie","https:\/\/www.instagram.com\/bouedmir_conserverie\/"]}]}},"jetpack_sharing_enabled":true,"_links":{"self":[{"href":"https:\/\/www.bouedmir-conserverie.bzh\/index.php\/wp-json\/wp\/v2\/pages\/246","targetHints":{"allow":["GET"]}}],"collection":[{"href":"https:\/\/www.bouedmir-conserverie.bzh\/index.php\/wp-json\/wp\/v2\/pages"}],"about":[{"href":"https:\/\/www.bouedmir-conserverie.bzh\/index.php\/wp-json\/wp\/v2\/types\/page"}],"author":[{"embeddable":true,"href":"https:\/\/www.bouedmir-conserverie.bzh\/index.php\/wp-json\/wp\/v2\/users\/1"}],"replies":[{"embeddable":true,"href":"https:\/\/www.bouedmir-conserverie.bzh\/index.php\/wp-json\/wp\/v2\/comments?post=246"}],"version-history":[{"count":4,"href":"https:\/\/www.bouedmir-conserverie.bzh\/index.php\/wp-json\/wp\/v2\/pages\/246\/revisions"}],"predecessor-version":[{"id":749,"href":"https:\/\/www.bouedmir-conserverie.bzh\/index.php\/wp-json\/wp\/v2\/pages\/246\/revisions\/749"}],"wp:attachment":[{"href":"https:\/\/www.bouedmir-conserverie.bzh\/index.php\/wp-json\/wp\/v2\/media?parent=246"}],"curies":[{"name":"wp","href":"https:\/\/api.w.org\/{rel}","templated":true}]}}