{"id":255,"date":"2024-10-04T16:53:30","date_gmt":"2024-10-04T14:53:30","guid":{"rendered":"https:\/\/www.bouedmir-conserverie.bzh\/?page_id=255"},"modified":"2025-02-18T14:32:27","modified_gmt":"2025-02-18T13:32:27","slug":"contacts","status":"publish","type":"page","link":"https:\/\/www.bouedmir-conserverie.bzh\/index.php\/contacts\/","title":{"rendered":"contacts"},"content":{"rendered":"\n<div class=\"wp-block-columns is-layout-flex wp-container-core-columns-is-layout-9d6595d7 wp-block-columns-is-layout-flex\">\n<div class=\"wp-block-column is-layout-flow wp-block-column-is-layout-flow\">\n<figure class=\"wp-block-image size-full full\"><img loading=\"lazy\" decoding=\"async\" width=\"1000\" height=\"763\" src=\"https:\/\/www.bouedmir-conserverie.bzh\/wp-content\/uploads\/2024\/11\/interieur_magasin.jpg\" alt=\"Int\u00e9rieur boutique Boued Mir\" class=\"wp-image-601\" srcset=\"https:\/\/www.bouedmir-conserverie.bzh\/wp-content\/uploads\/2024\/11\/interieur_magasin.jpg 1000w, https:\/\/www.bouedmir-conserverie.bzh\/wp-content\/uploads\/2024\/11\/interieur_magasin-300x229.jpg 300w, https:\/\/www.bouedmir-conserverie.bzh\/wp-content\/uploads\/2024\/11\/interieur_magasin-500x382.jpg 500w, https:\/\/www.bouedmir-conserverie.bzh\/wp-content\/uploads\/2024\/11\/interieur_magasin-768x586.jpg 768w, https:\/\/www.bouedmir-conserverie.bzh\/wp-content\/uploads\/2024\/11\/interieur_magasin-600x458.jpg 600w\" sizes=\"auto, (max-width: 1000px) 100vw, 1000px\" \/><\/figure>\n<\/div>\n\n\n\n<div class=\"wp-block-column centrer p0-30 is-layout-flow wp-block-column-is-layout-flow\">\n<h1 class=\"wp-block-heading\">Contactez-nous !<\/h1>\n\n\n\n<div class=\"wp-block-group\"><div class=\"wp-block-group__inner-container is-layout-constrained wp-block-group-is-layout-constrained\">\n<h2 class=\"wp-block-heading\">Coordonn\u00e9es<\/h2>\n\n\n\n<p class=\"has-secondary-color has-text-color has-link-color wp-elements-7bf64d97fd2cb07b6fbdc09a6a350420\" style=\"font-size:1rem\"><strong>Mail : <\/strong><a href=\"mailto:bouedmir@gmail.com\">bouedmir@gmail.com<\/a><\/p>\n\n\n\n<p class=\"has-secondary-color has-text-color has-link-color wp-elements-0873467e03dad26e8adbd70ededd38e0\" style=\"font-size:1rem\"><strong>T\u00e9l\u00e9phone :<\/strong> 06 20 06 47 91<\/p>\n<\/div><\/div>\n\n\n\n<div class=\"wp-block-group\"><div class=\"wp-block-group__inner-container is-layout-constrained wp-block-group-is-layout-constrained\">\n<h2 class=\"wp-block-heading\">Vente directe<\/h2>\n\n\n\n<p class=\"has-custom-color-4-color has-text-color has-link-color wp-elements-88601366390da8c841445e4d80c0414c\" style=\"font-size:1.3rem\"><strong>Venez nous rencontrer \u00e0 la boutique :<\/strong><\/p>\n\n\n\n<p class=\"has-secondary-color has-text-color has-link-color wp-elements-2be0bce6424048533e0ae3a5f43321c6\" style=\"font-size:1rem\">9 place Tanguy Prigent 29620 LANMEUR<\/p>\n\n\n\n<p><\/p>\n\n\n\n<p class=\"has-custom-color-4-color has-text-color has-link-color wp-elements-4bad04fb912718531ae11cfbc1c4e6c1\" style=\"font-size:1.3rem\"><strong>Horaires d&rsquo;ouverture au public :<\/strong><\/p>\n\n\n\n<p class=\"has-secondary-color has-text-color has-link-color wp-elements-d4a35acf6980ff5c7010c722e0b6cb89\" style=\"font-size:1rem\">Samedi-dimanche-lundi : ferm\u00e9<\/p>\n\n\n\n<p class=\"has-secondary-color has-text-color has-link-color wp-elements-e0cf8da17232611499f1a325df6b4ed1\" style=\"font-size:1rem\">Mardi : 15h30-18h<\/p>\n\n\n\n<p class=\"has-secondary-color has-text-color has-link-color wp-elements-5da3f5176d765dcdba56abac54c05b96\" style=\"font-size:1rem\">Mercredi-jeudi : 15h30-18h30<\/p>\n\n\n\n<p class=\"has-secondary-color has-text-color has-link-color wp-elements-066af527674ec2817155678c5e1ef489\" style=\"font-size:1rem\">Vendredi : 9h-13h et 15h30-18h30<\/p>\n<\/div><\/div>\n\n\n\n<div class=\"wp-block-group\"><div class=\"wp-block-group__inner-container is-layout-constrained wp-block-group-is-layout-constrained\">\n<p class=\"has-custom-color-4-color has-text-color has-link-color wp-elements-43f254f032086b649364dfa7572ee7f8\" style=\"font-size:1.3rem\"><strong>Pour les livraisons :<\/strong> <\/p>\n\n\n\n<p class=\"has-secondary-color has-text-color has-link-color wp-elements-76700411b136af6a577aa778090d9169\" style=\"font-size:1rem\">Du lundi au vendredi, sur rendez-vous (un coup de fil suffit pour v\u00e9rifier que je suis bien au labo).<\/p>\n<\/div><\/div>\n<\/div>\n<\/div>\n","protected":false},"excerpt":{"rendered":"<p>Contactez-nous ! Coordonn\u00e9es Mail : bouedmir@gmail.com T\u00e9l\u00e9phone : 06 20 06 47 91 Vente directe Venez nous rencontrer \u00e0 la boutique : 9 place Tanguy Prigent 29620 LANMEUR Horaires d&rsquo;ouverture au public : Samedi-dimanche-lundi : ferm\u00e9 Mardi : 15h30-18h Mercredi-jeudi : 15h30-18h30 Vendredi : 9h-13h et 15h30-18h30 Pour les livraisons : Du lundi au vendredi, [&hellip;]<\/p>\n","protected":false},"author":1,"featured_media":0,"parent":0,"menu_order":0,"comment_status":"closed","ping_status":"closed","template":"","meta":{"inline_featured_image":false,"_themeisle_gutenberg_block_has_review":false,"footnotes":""},"class_list":["post-255","page","type-page","status-publish","hentry"],"yoast_head":"<!-- This site is optimized with the Yoast SEO plugin v26.8 - https:\/\/yoast.com\/product\/yoast-seo-wordpress\/ -->\n<title>contacts - Boued Mir, conserverie artisanale bretonne<\/title>\n<meta name=\"description\" content=\"Vous avez la possibilit\u00e9 de nous rendre visite sur place, \u00e0 la boutique de vente directe, du mardi au vendredi.\" \/>\n<meta name=\"robots\" content=\"index, follow, max-snippet:-1, max-image-preview:large, max-video-preview:-1\" \/>\n<link rel=\"canonical\" href=\"https:\/\/www.bouedmir-conserverie.bzh\/index.php\/contacts\/\" \/>\n<meta property=\"og:locale\" content=\"fr_FR\" \/>\n<meta property=\"og:type\" content=\"article\" \/>\n<meta property=\"og:title\" content=\"contacts - Boued Mir, conserverie artisanale bretonne\" \/>\n<meta property=\"og:description\" content=\"Vous avez la possibilit\u00e9 de nous rendre visite sur place, \u00e0 la boutique de vente directe, du mardi au vendredi.\" \/>\n<meta property=\"og:url\" content=\"https:\/\/www.bouedmir-conserverie.bzh\/index.php\/contacts\/\" \/>\n<meta property=\"og:site_name\" content=\"Boued Mir, conserverie artisanale bretonne\" \/>\n<meta property=\"article:publisher\" content=\"https:\/\/www.facebook.com\/bouedmirconserverie\" \/>\n<meta property=\"article:modified_time\" content=\"2025-02-18T13:32:27+00:00\" \/>\n<meta property=\"og:image\" content=\"https:\/\/www.bouedmir-conserverie.bzh\/wp-content\/uploads\/2024\/11\/interieur_magasin.jpg\" \/>\n\t<meta property=\"og:image:width\" content=\"1000\" \/>\n\t<meta property=\"og:image:height\" content=\"763\" \/>\n\t<meta property=\"og:image:type\" content=\"image\/jpeg\" \/>\n<meta name=\"twitter:card\" content=\"summary_large_image\" \/>\n<meta name=\"twitter:label1\" content=\"Dur\u00e9e de lecture estim\u00e9e\" \/>\n\t<meta name=\"twitter:data1\" content=\"1 minute\" \/>\n<script type=\"application\/ld+json\" class=\"yoast-schema-graph\">{\"@context\":\"https:\/\/schema.org\",\"@graph\":[{\"@type\":\"WebPage\",\"@id\":\"https:\/\/www.bouedmir-conserverie.bzh\/index.php\/contacts\/\",\"url\":\"https:\/\/www.bouedmir-conserverie.bzh\/index.php\/contacts\/\",\"name\":\"contacts - Boued Mir, conserverie artisanale bretonne\",\"isPartOf\":{\"@id\":\"https:\/\/www.bouedmir-conserverie.bzh\/#website\"},\"primaryImageOfPage\":{\"@id\":\"https:\/\/www.bouedmir-conserverie.bzh\/index.php\/contacts\/#primaryimage\"},\"image\":{\"@id\":\"https:\/\/www.bouedmir-conserverie.bzh\/index.php\/contacts\/#primaryimage\"},\"thumbnailUrl\":\"https:\/\/www.bouedmir-conserverie.bzh\/wp-content\/uploads\/2024\/11\/interieur_magasin.jpg\",\"datePublished\":\"2024-10-04T14:53:30+00:00\",\"dateModified\":\"2025-02-18T13:32:27+00:00\",\"description\":\"Vous avez la possibilit\u00e9 de nous rendre visite sur place, \u00e0 la boutique de vente directe, du mardi au vendredi.\",\"breadcrumb\":{\"@id\":\"https:\/\/www.bouedmir-conserverie.bzh\/index.php\/contacts\/#breadcrumb\"},\"inLanguage\":\"fr-FR\",\"potentialAction\":[{\"@type\":\"ReadAction\",\"target\":[\"https:\/\/www.bouedmir-conserverie.bzh\/index.php\/contacts\/\"]}]},{\"@type\":\"ImageObject\",\"inLanguage\":\"fr-FR\",\"@id\":\"https:\/\/www.bouedmir-conserverie.bzh\/index.php\/contacts\/#primaryimage\",\"url\":\"https:\/\/www.bouedmir-conserverie.bzh\/wp-content\/uploads\/2024\/11\/interieur_magasin.jpg\",\"contentUrl\":\"https:\/\/www.bouedmir-conserverie.bzh\/wp-content\/uploads\/2024\/11\/interieur_magasin.jpg\",\"width\":1000,\"height\":763,\"caption\":\"Boutique Boued Mir\"},{\"@type\":\"BreadcrumbList\",\"@id\":\"https:\/\/www.bouedmir-conserverie.bzh\/index.php\/contacts\/#breadcrumb\",\"itemListElement\":[{\"@type\":\"ListItem\",\"position\":1,\"name\":\"Accueil\",\"item\":\"https:\/\/www.bouedmir-conserverie.bzh\/\"},{\"@type\":\"ListItem\",\"position\":2,\"name\":\"contacts\"}]},{\"@type\":\"WebSite\",\"@id\":\"https:\/\/www.bouedmir-conserverie.bzh\/#website\",\"url\":\"https:\/\/www.bouedmir-conserverie.bzh\/\",\"name\":\"Boued Mir, conserverie v\u00e9g\u00e9tale bretonne\",\"description\":\"Faites-vous plaisir avec un ap\u00e9ro qui a du sens !\",\"publisher\":{\"@id\":\"https:\/\/www.bouedmir-conserverie.bzh\/#organization\"},\"potentialAction\":[{\"@type\":\"SearchAction\",\"target\":{\"@type\":\"EntryPoint\",\"urlTemplate\":\"https:\/\/www.bouedmir-conserverie.bzh\/?s={search_term_string}\"},\"query-input\":{\"@type\":\"PropertyValueSpecification\",\"valueRequired\":true,\"valueName\":\"search_term_string\"}}],\"inLanguage\":\"fr-FR\"},{\"@type\":\"Organization\",\"@id\":\"https:\/\/www.bouedmir-conserverie.bzh\/#organization\",\"name\":\"Boued Mir, conserverie v\u00e9g\u00e9tale bretonne\",\"url\":\"https:\/\/www.bouedmir-conserverie.bzh\/\",\"logo\":{\"@type\":\"ImageObject\",\"inLanguage\":\"fr-FR\",\"@id\":\"https:\/\/www.bouedmir-conserverie.bzh\/#\/schema\/logo\/image\/\",\"url\":\"https:\/\/www.bouedmir-conserverie.bzh\/wp-content\/uploads\/2024\/09\/BouedMir_Logo_CMJN_Couleurs.png\",\"contentUrl\":\"https:\/\/www.bouedmir-conserverie.bzh\/wp-content\/uploads\/2024\/09\/BouedMir_Logo_CMJN_Couleurs.png\",\"width\":1080,\"height\":1080,\"caption\":\"Boued Mir, conserverie v\u00e9g\u00e9tale bretonne\"},\"image\":{\"@id\":\"https:\/\/www.bouedmir-conserverie.bzh\/#\/schema\/logo\/image\/\"},\"sameAs\":[\"https:\/\/www.facebook.com\/bouedmirconserverie\",\"https:\/\/www.instagram.com\/bouedmir_conserverie\/\"]}]}<\/script>\n<!-- \/ Yoast SEO plugin. -->","yoast_head_json":{"title":"contacts - Boued Mir, conserverie artisanale bretonne","description":"Vous avez la possibilit\u00e9 de nous rendre visite sur place, \u00e0 la boutique de vente directe, du mardi au vendredi.","robots":{"index":"index","follow":"follow","max-snippet":"max-snippet:-1","max-image-preview":"max-image-preview:large","max-video-preview":"max-video-preview:-1"},"canonical":"https:\/\/www.bouedmir-conserverie.bzh\/index.php\/contacts\/","og_locale":"fr_FR","og_type":"article","og_title":"contacts - Boued Mir, conserverie artisanale bretonne","og_description":"Vous avez la possibilit\u00e9 de nous rendre visite sur place, \u00e0 la boutique de vente directe, du mardi au vendredi.","og_url":"https:\/\/www.bouedmir-conserverie.bzh\/index.php\/contacts\/","og_site_name":"Boued Mir, conserverie artisanale bretonne","article_publisher":"https:\/\/www.facebook.com\/bouedmirconserverie","article_modified_time":"2025-02-18T13:32:27+00:00","og_image":[{"width":1000,"height":763,"url":"https:\/\/www.bouedmir-conserverie.bzh\/wp-content\/uploads\/2024\/11\/interieur_magasin.jpg","type":"image\/jpeg"}],"twitter_card":"summary_large_image","twitter_misc":{"Dur\u00e9e de lecture estim\u00e9e":"1 minute"},"schema":{"@context":"https:\/\/schema.org","@graph":[{"@type":"WebPage","@id":"https:\/\/www.bouedmir-conserverie.bzh\/index.php\/contacts\/","url":"https:\/\/www.bouedmir-conserverie.bzh\/index.php\/contacts\/","name":"contacts - Boued Mir, conserverie artisanale bretonne","isPartOf":{"@id":"https:\/\/www.bouedmir-conserverie.bzh\/#website"},"primaryImageOfPage":{"@id":"https:\/\/www.bouedmir-conserverie.bzh\/index.php\/contacts\/#primaryimage"},"image":{"@id":"https:\/\/www.bouedmir-conserverie.bzh\/index.php\/contacts\/#primaryimage"},"thumbnailUrl":"https:\/\/www.bouedmir-conserverie.bzh\/wp-content\/uploads\/2024\/11\/interieur_magasin.jpg","datePublished":"2024-10-04T14:53:30+00:00","dateModified":"2025-02-18T13:32:27+00:00","description":"Vous avez la possibilit\u00e9 de nous rendre visite sur place, \u00e0 la boutique de vente directe, du mardi au vendredi.","breadcrumb":{"@id":"https:\/\/www.bouedmir-conserverie.bzh\/index.php\/contacts\/#breadcrumb"},"inLanguage":"fr-FR","potentialAction":[{"@type":"ReadAction","target":["https:\/\/www.bouedmir-conserverie.bzh\/index.php\/contacts\/"]}]},{"@type":"ImageObject","inLanguage":"fr-FR","@id":"https:\/\/www.bouedmir-conserverie.bzh\/index.php\/contacts\/#primaryimage","url":"https:\/\/www.bouedmir-conserverie.bzh\/wp-content\/uploads\/2024\/11\/interieur_magasin.jpg","contentUrl":"https:\/\/www.bouedmir-conserverie.bzh\/wp-content\/uploads\/2024\/11\/interieur_magasin.jpg","width":1000,"height":763,"caption":"Boutique Boued Mir"},{"@type":"BreadcrumbList","@id":"https:\/\/www.bouedmir-conserverie.bzh\/index.php\/contacts\/#breadcrumb","itemListElement":[{"@type":"ListItem","position":1,"name":"Accueil","item":"https:\/\/www.bouedmir-conserverie.bzh\/"},{"@type":"ListItem","position":2,"name":"contacts"}]},{"@type":"WebSite","@id":"https:\/\/www.bouedmir-conserverie.bzh\/#website","url":"https:\/\/www.bouedmir-conserverie.bzh\/","name":"Boued Mir, conserverie v\u00e9g\u00e9tale bretonne","description":"Faites-vous plaisir avec un ap\u00e9ro qui a du sens !","publisher":{"@id":"https:\/\/www.bouedmir-conserverie.bzh\/#organization"},"potentialAction":[{"@type":"SearchAction","target":{"@type":"EntryPoint","urlTemplate":"https:\/\/www.bouedmir-conserverie.bzh\/?s={search_term_string}"},"query-input":{"@type":"PropertyValueSpecification","valueRequired":true,"valueName":"search_term_string"}}],"inLanguage":"fr-FR"},{"@type":"Organization","@id":"https:\/\/www.bouedmir-conserverie.bzh\/#organization","name":"Boued Mir, conserverie v\u00e9g\u00e9tale bretonne","url":"https:\/\/www.bouedmir-conserverie.bzh\/","logo":{"@type":"ImageObject","inLanguage":"fr-FR","@id":"https:\/\/www.bouedmir-conserverie.bzh\/#\/schema\/logo\/image\/","url":"https:\/\/www.bouedmir-conserverie.bzh\/wp-content\/uploads\/2024\/09\/BouedMir_Logo_CMJN_Couleurs.png","contentUrl":"https:\/\/www.bouedmir-conserverie.bzh\/wp-content\/uploads\/2024\/09\/BouedMir_Logo_CMJN_Couleurs.png","width":1080,"height":1080,"caption":"Boued Mir, conserverie v\u00e9g\u00e9tale bretonne"},"image":{"@id":"https:\/\/www.bouedmir-conserverie.bzh\/#\/schema\/logo\/image\/"},"sameAs":["https:\/\/www.facebook.com\/bouedmirconserverie","https:\/\/www.instagram.com\/bouedmir_conserverie\/"]}]}},"jetpack_sharing_enabled":true,"_links":{"self":[{"href":"https:\/\/www.bouedmir-conserverie.bzh\/index.php\/wp-json\/wp\/v2\/pages\/255","targetHints":{"allow":["GET"]}}],"collection":[{"href":"https:\/\/www.bouedmir-conserverie.bzh\/index.php\/wp-json\/wp\/v2\/pages"}],"about":[{"href":"https:\/\/www.bouedmir-conserverie.bzh\/index.php\/wp-json\/wp\/v2\/types\/page"}],"author":[{"embeddable":true,"href":"https:\/\/www.bouedmir-conserverie.bzh\/index.php\/wp-json\/wp\/v2\/users\/1"}],"replies":[{"embeddable":true,"href":"https:\/\/www.bouedmir-conserverie.bzh\/index.php\/wp-json\/wp\/v2\/comments?post=255"}],"version-history":[{"count":11,"href":"https:\/\/www.bouedmir-conserverie.bzh\/index.php\/wp-json\/wp\/v2\/pages\/255\/revisions"}],"predecessor-version":[{"id":753,"href":"https:\/\/www.bouedmir-conserverie.bzh\/index.php\/wp-json\/wp\/v2\/pages\/255\/revisions\/753"}],"wp:attachment":[{"href":"https:\/\/www.bouedmir-conserverie.bzh\/index.php\/wp-json\/wp\/v2\/media?parent=255"}],"curies":[{"name":"wp","href":"https:\/\/api.w.org\/{rel}","templated":true}]}}