{"id":492,"date":"2024-11-14T10:40:14","date_gmt":"2024-11-14T09:40:14","guid":{"rendered":"https:\/\/www.bouedmir-conserverie.bzh\/?page_id=492"},"modified":"2025-05-20T17:20:09","modified_gmt":"2025-05-20T15:20:09","slug":"professionnels","status":"publish","type":"page","link":"https:\/\/www.bouedmir-conserverie.bzh\/index.php\/professionnels\/","title":{"rendered":"Professionnels"},"content":{"rendered":"\n<div class=\"wp-block-cover\" style=\"border-style:none;border-width:0px\"><img loading=\"lazy\" decoding=\"async\" width=\"1920\" height=\"2560\" class=\"wp-block-cover__image-background wp-image-445\" alt=\"\" src=\"http:\/\/www.bouedmir-conserverie.bzh\/wp-content\/uploads\/2024\/08\/20240921_170138-1-scaled.jpg\" data-object-fit=\"cover\" srcset=\"https:\/\/www.bouedmir-conserverie.bzh\/wp-content\/uploads\/2024\/08\/20240921_170138-1-scaled.jpg 1920w, https:\/\/www.bouedmir-conserverie.bzh\/wp-content\/uploads\/2024\/08\/20240921_170138-1-225x300.jpg 225w, https:\/\/www.bouedmir-conserverie.bzh\/wp-content\/uploads\/2024\/08\/20240921_170138-1-768x1024.jpg 768w, https:\/\/www.bouedmir-conserverie.bzh\/wp-content\/uploads\/2024\/08\/20240921_170138-1-1152x1536.jpg 1152w, https:\/\/www.bouedmir-conserverie.bzh\/wp-content\/uploads\/2024\/08\/20240921_170138-1-1536x2048.jpg 1536w, https:\/\/www.bouedmir-conserverie.bzh\/wp-content\/uploads\/2024\/08\/20240921_170138-1-600x800.jpg 600w\" sizes=\"auto, (max-width: 1920px) 100vw, 1920px\" \/><span aria-hidden=\"true\" class=\"wp-block-cover__background has-black-background-color has-background-dim-60 has-background-dim\"><\/span><div class=\"wp-block-cover__inner-container is-layout-constrained wp-block-cover-is-layout-constrained\">\n<div class=\"wp-block-group wrapper\"><div class=\"wp-block-group__inner-container is-layout-constrained wp-block-group-is-layout-constrained\">\n<h2 class=\"wp-block-heading has-text-align-center blanc has-large-font-size\">DEVENIR REVENDEUR<\/h2>\n\n\n\n<p class=\"has-text-align-center blanc\">Vous \u00eates g\u00e9rant.e d&rsquo;une \u00e9picerie fine, d&rsquo;une cave ? Vous souhaitez proposer des <a href=\"https:\/\/www.bouedmir-conserverie.bzh\/index.php\/boutique\/\">produits de qualit\u00e9<\/a> pleins de valeurs \u00e0 vos clients ?<\/p>\n\n\n\n<p class=\"has-text-align-center blanc\">Boued Mir est l\u00e0 pour vous ! Nous livrons les <a href=\"https:\/\/www.bouedmir-conserverie.bzh\/index.php\/points-de-vente\/\">magasins professionnels<\/a> en Bretagne et dans toute la France.<\/p>\n\n\n\n<p class=\"has-text-align-center blanc\"><a href=\"https:\/\/www.bouedmir-conserverie.bzh\/index.php\/contacts\/\">Contactez-nous<\/a> pour plus d&rsquo;informations.<\/p>\n\n\n\n<div class=\"wp-block-buttons is-content-justification-center is-layout-flex wp-container-core-buttons-is-layout-16018d1d wp-block-buttons-is-layout-flex\">\n<div class=\"wp-block-button bm_btn blanc\"><a class=\"wp-block-button__link wp-element-button\" href=\"https:\/\/www.bouedmir-conserverie.bzh\/index.php\/contacts\/\">Parlons-en<\/a><\/div>\n<\/div>\n<\/div><\/div>\n<\/div><\/div>\n\n\n\n<p class=\"has-text-align-center\"><strong>Vous souhaitez commander via Ankorstore ? C&rsquo;est juste ici !<\/strong><\/p>\n\n\n\n<iframe id=\"ankorstore-widget\" title=\"ankorstore-widget\" width=\"100%\"\nstyle=\"border: none; height: 710px;\" scrolling=\"no\"\nsrc=\"https:\/\/www.ankorstore.com\/brand\/49814\/widget\">\n<\/iframe>\n<script src=\"https:\/\/www.ankorstore.com\/brand-widget.js\"><\/script>\n\n\n\n<div class=\"wp-block-cover\"><img loading=\"lazy\" decoding=\"async\" width=\"1920\" height=\"2560\" class=\"wp-block-cover__image-background wp-image-500\" alt=\"\" src=\"https:\/\/www.bouedmir-conserverie.bzh\/wp-content\/uploads\/2024\/11\/autoclave-scaled.jpg\" data-object-fit=\"cover\" srcset=\"https:\/\/www.bouedmir-conserverie.bzh\/wp-content\/uploads\/2024\/11\/autoclave-scaled.jpg 1920w, https:\/\/www.bouedmir-conserverie.bzh\/wp-content\/uploads\/2024\/11\/autoclave-225x300.jpg 225w, https:\/\/www.bouedmir-conserverie.bzh\/wp-content\/uploads\/2024\/11\/autoclave-768x1024.jpg 768w, https:\/\/www.bouedmir-conserverie.bzh\/wp-content\/uploads\/2024\/11\/autoclave-1152x1536.jpg 1152w, https:\/\/www.bouedmir-conserverie.bzh\/wp-content\/uploads\/2024\/11\/autoclave-1536x2048.jpg 1536w, https:\/\/www.bouedmir-conserverie.bzh\/wp-content\/uploads\/2024\/11\/autoclave-600x800.jpg 600w\" sizes=\"auto, (max-width: 1920px) 100vw, 1920px\" \/><span aria-hidden=\"true\" class=\"wp-block-cover__background has-black-background-color has-background-dim-40 has-background-dim\"><\/span><div class=\"wp-block-cover__inner-container is-layout-constrained wp-block-cover-is-layout-constrained\">\n<div class=\"wp-block-group wrapper\"><div class=\"wp-block-group__inner-container is-layout-constrained wp-block-group-is-layout-constrained\">\n<h2 class=\"wp-block-heading has-text-align-center blanc\">TRANSFORMATION POUR LES PRODUCTEURS<\/h2>\n\n\n\n<p class=\"has-text-align-center blanc\">Boued Mir dispose d&rsquo;un atelier de transformation pour r\u00e9aliser de la prestation de service de transformation, notamment de la st\u00e9rilisation et de la pasteurisation en autoclave. <\/p>\n\n\n\n<p class=\"has-text-align-center blanc\">Vous \u00eates <a href=\"https:\/\/www.bouedmir-conserverie.bzh\/index.php\/nos-producteurs\/\">mara\u00eecher<\/a> dans le Nord Finist\u00e8re ou dans les C\u00f4tes d&rsquo;Armor, et vous avez un surplus de l\u00e9gumes non valoris\u00e9 ? Vous souhaitez d\u00e9velopper une marque de produits en vente directe ? Boued Mir se charge de transformer vos l\u00e9gumes en tartinables, sauces ou soupes. Contactez-nous pour \u00e9changer sur votre projet.<\/p>\n\n\n\n<div class=\"wp-block-buttons is-content-justification-center is-layout-flex wp-container-core-buttons-is-layout-16018d1d wp-block-buttons-is-layout-flex\">\n<div class=\"wp-block-button bm_btn blanc\"><a class=\"wp-block-button__link wp-element-button\" href=\"https:\/\/www.bouedmir-conserverie.bzh\/index.php\/contacts\/\">Demander un devis<\/a><\/div>\n<\/div>\n<\/div><\/div>\n<\/div><\/div>\n\n\n\n<div class=\"wp-block-cover\"><img loading=\"lazy\" decoding=\"async\" width=\"1920\" height=\"2560\" class=\"wp-block-cover__image-background wp-image-481\" alt=\"\" src=\"http:\/\/www.bouedmir-conserverie.bzh\/wp-content\/uploads\/2024\/11\/20241112_161950-scaled.jpg\" data-object-fit=\"cover\" srcset=\"https:\/\/www.bouedmir-conserverie.bzh\/wp-content\/uploads\/2024\/11\/20241112_161950-scaled.jpg 1920w, https:\/\/www.bouedmir-conserverie.bzh\/wp-content\/uploads\/2024\/11\/20241112_161950-225x300.jpg 225w, https:\/\/www.bouedmir-conserverie.bzh\/wp-content\/uploads\/2024\/11\/20241112_161950-768x1024.jpg 768w, https:\/\/www.bouedmir-conserverie.bzh\/wp-content\/uploads\/2024\/11\/20241112_161950-1152x1536.jpg 1152w, https:\/\/www.bouedmir-conserverie.bzh\/wp-content\/uploads\/2024\/11\/20241112_161950-1536x2048.jpg 1536w, https:\/\/www.bouedmir-conserverie.bzh\/wp-content\/uploads\/2024\/11\/20241112_161950-600x800.jpg 600w\" sizes=\"auto, (max-width: 1920px) 100vw, 1920px\" \/><span aria-hidden=\"true\" class=\"wp-block-cover__background has-black-background-color has-background-dim-60 has-background-dim\"><\/span><div class=\"wp-block-cover__inner-container is-layout-constrained wp-block-cover-is-layout-constrained\">\n<div class=\"wp-block-group wrapper\"><div class=\"wp-block-group__inner-container is-layout-constrained wp-block-group-is-layout-constrained\">\n<h2 class=\"wp-block-heading has-text-align-center blanc\" style=\"text-transform:uppercase\">COMMANDES group\u00e9es<\/h2>\n\n\n\n<p class=\"has-text-align-center blanc\">Boued Mir propose un tarif pr\u00e9f\u00e9rentiel pour les commandes group\u00e9es. Entre amis, coll\u00e8gues, ou en famille, b\u00e9n\u00e9ficiez d&rsquo;une r\u00e9duction en faisant une commande group\u00e9e avec un seul point de livraison. Minimum de commande \u00e0 100 \u20ac TTC.<\/p>\n\n\n\n<div class=\"wp-block-buttons is-content-justification-center is-layout-flex wp-container-core-buttons-is-layout-16018d1d wp-block-buttons-is-layout-flex\">\n<div class=\"wp-block-button bm_btn blanc\"><a class=\"wp-block-button__link wp-element-button\" href=\"https:\/\/www.bouedmir-conserverie.bzh\/index.php\/contacts\/\">Plus d&rsquo;infos<\/a><\/div>\n<\/div>\n<\/div><\/div>\n<\/div><\/div>\n","protected":false},"excerpt":{"rendered":"<p>Vous souhaitez commander via Ankorstore ? C&rsquo;est juste ici !<\/p>\n","protected":false},"author":1,"featured_media":0,"parent":0,"menu_order":0,"comment_status":"closed","ping_status":"closed","template":"","meta":{"inline_featured_image":false,"_themeisle_gutenberg_block_has_review":false,"footnotes":""},"class_list":["post-492","page","type-page","status-publish","hentry"],"yoast_head":"<!-- This site is optimized with the Yoast SEO plugin v26.8 - https:\/\/yoast.com\/product\/yoast-seo-wordpress\/ -->\n<title>Professionnels - Boued Mir, conserverie artisanale bretonne<\/title>\n<meta name=\"description\" content=\"Boued Mir r\u00e9pond aux besoins des professionnels en adaptant son offre d&#039;\u00e9picerie fine et en proposant de la transformation \u00e0 fa\u00e7on\" \/>\n<meta name=\"robots\" content=\"index, follow, max-snippet:-1, max-image-preview:large, max-video-preview:-1\" \/>\n<link rel=\"canonical\" href=\"https:\/\/www.bouedmir-conserverie.bzh\/index.php\/professionnels\/\" \/>\n<meta property=\"og:locale\" content=\"fr_FR\" \/>\n<meta property=\"og:type\" content=\"article\" \/>\n<meta property=\"og:title\" content=\"Professionnels - Boued Mir, conserverie artisanale bretonne\" \/>\n<meta property=\"og:description\" content=\"Boued Mir r\u00e9pond aux besoins des professionnels en adaptant son offre d&#039;\u00e9picerie fine et en proposant de la transformation \u00e0 fa\u00e7on\" \/>\n<meta property=\"og:url\" content=\"https:\/\/www.bouedmir-conserverie.bzh\/index.php\/professionnels\/\" \/>\n<meta property=\"og:site_name\" content=\"Boued Mir, conserverie artisanale bretonne\" \/>\n<meta property=\"article:publisher\" content=\"https:\/\/www.facebook.com\/bouedmirconserverie\" \/>\n<meta property=\"article:modified_time\" content=\"2025-05-20T15:20:09+00:00\" \/>\n<meta property=\"og:image\" content=\"https:\/\/www.bouedmir-conserverie.bzh\/wp-content\/uploads\/2024\/08\/20240921_170138-1-scaled.jpg\" \/>\n\t<meta property=\"og:image:width\" content=\"1920\" \/>\n\t<meta property=\"og:image:height\" content=\"2560\" \/>\n\t<meta property=\"og:image:type\" content=\"image\/jpeg\" \/>\n<meta name=\"twitter:card\" content=\"summary_large_image\" \/>\n<meta name=\"twitter:label1\" content=\"Dur\u00e9e de lecture estim\u00e9e\" \/>\n\t<meta name=\"twitter:data1\" content=\"2 minutes\" \/>\n<script type=\"application\/ld+json\" class=\"yoast-schema-graph\">{\"@context\":\"https:\/\/schema.org\",\"@graph\":[{\"@type\":\"WebPage\",\"@id\":\"https:\/\/www.bouedmir-conserverie.bzh\/index.php\/professionnels\/\",\"url\":\"https:\/\/www.bouedmir-conserverie.bzh\/index.php\/professionnels\/\",\"name\":\"Professionnels - Boued Mir, conserverie artisanale bretonne\",\"isPartOf\":{\"@id\":\"https:\/\/www.bouedmir-conserverie.bzh\/#website\"},\"primaryImageOfPage\":{\"@id\":\"https:\/\/www.bouedmir-conserverie.bzh\/index.php\/professionnels\/#primaryimage\"},\"image\":{\"@id\":\"https:\/\/www.bouedmir-conserverie.bzh\/index.php\/professionnels\/#primaryimage\"},\"thumbnailUrl\":\"http:\/\/www.bouedmir-conserverie.bzh\/wp-content\/uploads\/2024\/08\/20240921_170138-1-scaled.jpg\",\"datePublished\":\"2024-11-14T09:40:14+00:00\",\"dateModified\":\"2025-05-20T15:20:09+00:00\",\"description\":\"Boued Mir r\u00e9pond aux besoins des professionnels en adaptant son offre d'\u00e9picerie fine et en proposant de la transformation \u00e0 fa\u00e7on\",\"breadcrumb\":{\"@id\":\"https:\/\/www.bouedmir-conserverie.bzh\/index.php\/professionnels\/#breadcrumb\"},\"inLanguage\":\"fr-FR\",\"potentialAction\":[{\"@type\":\"ReadAction\",\"target\":[\"https:\/\/www.bouedmir-conserverie.bzh\/index.php\/professionnels\/\"]}]},{\"@type\":\"ImageObject\",\"inLanguage\":\"fr-FR\",\"@id\":\"https:\/\/www.bouedmir-conserverie.bzh\/index.php\/professionnels\/#primaryimage\",\"url\":\"https:\/\/www.bouedmir-conserverie.bzh\/wp-content\/uploads\/2024\/08\/20240921_170138-1-scaled.jpg\",\"contentUrl\":\"https:\/\/www.bouedmir-conserverie.bzh\/wp-content\/uploads\/2024\/08\/20240921_170138-1-scaled.jpg\",\"width\":1920,\"height\":2560,\"caption\":\"mise en rayon\"},{\"@type\":\"BreadcrumbList\",\"@id\":\"https:\/\/www.bouedmir-conserverie.bzh\/index.php\/professionnels\/#breadcrumb\",\"itemListElement\":[{\"@type\":\"ListItem\",\"position\":1,\"name\":\"Accueil\",\"item\":\"https:\/\/www.bouedmir-conserverie.bzh\/\"},{\"@type\":\"ListItem\",\"position\":2,\"name\":\"Professionnels\"}]},{\"@type\":\"WebSite\",\"@id\":\"https:\/\/www.bouedmir-conserverie.bzh\/#website\",\"url\":\"https:\/\/www.bouedmir-conserverie.bzh\/\",\"name\":\"Boued Mir, conserverie v\u00e9g\u00e9tale bretonne\",\"description\":\"Faites-vous plaisir avec un ap\u00e9ro qui a du sens !\",\"publisher\":{\"@id\":\"https:\/\/www.bouedmir-conserverie.bzh\/#organization\"},\"potentialAction\":[{\"@type\":\"SearchAction\",\"target\":{\"@type\":\"EntryPoint\",\"urlTemplate\":\"https:\/\/www.bouedmir-conserverie.bzh\/?s={search_term_string}\"},\"query-input\":{\"@type\":\"PropertyValueSpecification\",\"valueRequired\":true,\"valueName\":\"search_term_string\"}}],\"inLanguage\":\"fr-FR\"},{\"@type\":\"Organization\",\"@id\":\"https:\/\/www.bouedmir-conserverie.bzh\/#organization\",\"name\":\"Boued Mir, conserverie v\u00e9g\u00e9tale bretonne\",\"url\":\"https:\/\/www.bouedmir-conserverie.bzh\/\",\"logo\":{\"@type\":\"ImageObject\",\"inLanguage\":\"fr-FR\",\"@id\":\"https:\/\/www.bouedmir-conserverie.bzh\/#\/schema\/logo\/image\/\",\"url\":\"https:\/\/www.bouedmir-conserverie.bzh\/wp-content\/uploads\/2024\/09\/BouedMir_Logo_CMJN_Couleurs.png\",\"contentUrl\":\"https:\/\/www.bouedmir-conserverie.bzh\/wp-content\/uploads\/2024\/09\/BouedMir_Logo_CMJN_Couleurs.png\",\"width\":1080,\"height\":1080,\"caption\":\"Boued Mir, conserverie v\u00e9g\u00e9tale bretonne\"},\"image\":{\"@id\":\"https:\/\/www.bouedmir-conserverie.bzh\/#\/schema\/logo\/image\/\"},\"sameAs\":[\"https:\/\/www.facebook.com\/bouedmirconserverie\",\"https:\/\/www.instagram.com\/bouedmir_conserverie\/\"]}]}<\/script>\n<!-- \/ Yoast SEO plugin. -->","yoast_head_json":{"title":"Professionnels - Boued Mir, conserverie artisanale bretonne","description":"Boued Mir r\u00e9pond aux besoins des professionnels en adaptant son offre d'\u00e9picerie fine et en proposant de la transformation \u00e0 fa\u00e7on","robots":{"index":"index","follow":"follow","max-snippet":"max-snippet:-1","max-image-preview":"max-image-preview:large","max-video-preview":"max-video-preview:-1"},"canonical":"https:\/\/www.bouedmir-conserverie.bzh\/index.php\/professionnels\/","og_locale":"fr_FR","og_type":"article","og_title":"Professionnels - Boued Mir, conserverie artisanale bretonne","og_description":"Boued Mir r\u00e9pond aux besoins des professionnels en adaptant son offre d'\u00e9picerie fine et en proposant de la transformation \u00e0 fa\u00e7on","og_url":"https:\/\/www.bouedmir-conserverie.bzh\/index.php\/professionnels\/","og_site_name":"Boued Mir, conserverie artisanale bretonne","article_publisher":"https:\/\/www.facebook.com\/bouedmirconserverie","article_modified_time":"2025-05-20T15:20:09+00:00","og_image":[{"width":1920,"height":2560,"url":"https:\/\/www.bouedmir-conserverie.bzh\/wp-content\/uploads\/2024\/08\/20240921_170138-1-scaled.jpg","type":"image\/jpeg"}],"twitter_card":"summary_large_image","twitter_misc":{"Dur\u00e9e de lecture estim\u00e9e":"2 minutes"},"schema":{"@context":"https:\/\/schema.org","@graph":[{"@type":"WebPage","@id":"https:\/\/www.bouedmir-conserverie.bzh\/index.php\/professionnels\/","url":"https:\/\/www.bouedmir-conserverie.bzh\/index.php\/professionnels\/","name":"Professionnels - Boued Mir, conserverie artisanale bretonne","isPartOf":{"@id":"https:\/\/www.bouedmir-conserverie.bzh\/#website"},"primaryImageOfPage":{"@id":"https:\/\/www.bouedmir-conserverie.bzh\/index.php\/professionnels\/#primaryimage"},"image":{"@id":"https:\/\/www.bouedmir-conserverie.bzh\/index.php\/professionnels\/#primaryimage"},"thumbnailUrl":"http:\/\/www.bouedmir-conserverie.bzh\/wp-content\/uploads\/2024\/08\/20240921_170138-1-scaled.jpg","datePublished":"2024-11-14T09:40:14+00:00","dateModified":"2025-05-20T15:20:09+00:00","description":"Boued Mir r\u00e9pond aux besoins des professionnels en adaptant son offre d'\u00e9picerie fine et en proposant de la transformation \u00e0 fa\u00e7on","breadcrumb":{"@id":"https:\/\/www.bouedmir-conserverie.bzh\/index.php\/professionnels\/#breadcrumb"},"inLanguage":"fr-FR","potentialAction":[{"@type":"ReadAction","target":["https:\/\/www.bouedmir-conserverie.bzh\/index.php\/professionnels\/"]}]},{"@type":"ImageObject","inLanguage":"fr-FR","@id":"https:\/\/www.bouedmir-conserverie.bzh\/index.php\/professionnels\/#primaryimage","url":"https:\/\/www.bouedmir-conserverie.bzh\/wp-content\/uploads\/2024\/08\/20240921_170138-1-scaled.jpg","contentUrl":"https:\/\/www.bouedmir-conserverie.bzh\/wp-content\/uploads\/2024\/08\/20240921_170138-1-scaled.jpg","width":1920,"height":2560,"caption":"mise en rayon"},{"@type":"BreadcrumbList","@id":"https:\/\/www.bouedmir-conserverie.bzh\/index.php\/professionnels\/#breadcrumb","itemListElement":[{"@type":"ListItem","position":1,"name":"Accueil","item":"https:\/\/www.bouedmir-conserverie.bzh\/"},{"@type":"ListItem","position":2,"name":"Professionnels"}]},{"@type":"WebSite","@id":"https:\/\/www.bouedmir-conserverie.bzh\/#website","url":"https:\/\/www.bouedmir-conserverie.bzh\/","name":"Boued Mir, conserverie v\u00e9g\u00e9tale bretonne","description":"Faites-vous plaisir avec un ap\u00e9ro qui a du sens !","publisher":{"@id":"https:\/\/www.bouedmir-conserverie.bzh\/#organization"},"potentialAction":[{"@type":"SearchAction","target":{"@type":"EntryPoint","urlTemplate":"https:\/\/www.bouedmir-conserverie.bzh\/?s={search_term_string}"},"query-input":{"@type":"PropertyValueSpecification","valueRequired":true,"valueName":"search_term_string"}}],"inLanguage":"fr-FR"},{"@type":"Organization","@id":"https:\/\/www.bouedmir-conserverie.bzh\/#organization","name":"Boued Mir, conserverie v\u00e9g\u00e9tale bretonne","url":"https:\/\/www.bouedmir-conserverie.bzh\/","logo":{"@type":"ImageObject","inLanguage":"fr-FR","@id":"https:\/\/www.bouedmir-conserverie.bzh\/#\/schema\/logo\/image\/","url":"https:\/\/www.bouedmir-conserverie.bzh\/wp-content\/uploads\/2024\/09\/BouedMir_Logo_CMJN_Couleurs.png","contentUrl":"https:\/\/www.bouedmir-conserverie.bzh\/wp-content\/uploads\/2024\/09\/BouedMir_Logo_CMJN_Couleurs.png","width":1080,"height":1080,"caption":"Boued Mir, conserverie v\u00e9g\u00e9tale bretonne"},"image":{"@id":"https:\/\/www.bouedmir-conserverie.bzh\/#\/schema\/logo\/image\/"},"sameAs":["https:\/\/www.facebook.com\/bouedmirconserverie","https:\/\/www.instagram.com\/bouedmir_conserverie\/"]}]}},"jetpack_sharing_enabled":true,"_links":{"self":[{"href":"https:\/\/www.bouedmir-conserverie.bzh\/index.php\/wp-json\/wp\/v2\/pages\/492","targetHints":{"allow":["GET"]}}],"collection":[{"href":"https:\/\/www.bouedmir-conserverie.bzh\/index.php\/wp-json\/wp\/v2\/pages"}],"about":[{"href":"https:\/\/www.bouedmir-conserverie.bzh\/index.php\/wp-json\/wp\/v2\/types\/page"}],"author":[{"embeddable":true,"href":"https:\/\/www.bouedmir-conserverie.bzh\/index.php\/wp-json\/wp\/v2\/users\/1"}],"replies":[{"embeddable":true,"href":"https:\/\/www.bouedmir-conserverie.bzh\/index.php\/wp-json\/wp\/v2\/comments?post=492"}],"version-history":[{"count":18,"href":"https:\/\/www.bouedmir-conserverie.bzh\/index.php\/wp-json\/wp\/v2\/pages\/492\/revisions"}],"predecessor-version":[{"id":795,"href":"https:\/\/www.bouedmir-conserverie.bzh\/index.php\/wp-json\/wp\/v2\/pages\/492\/revisions\/795"}],"wp:attachment":[{"href":"https:\/\/www.bouedmir-conserverie.bzh\/index.php\/wp-json\/wp\/v2\/media?parent=492"}],"curies":[{"name":"wp","href":"https:\/\/api.w.org\/{rel}","templated":true}]}}