{"id":112,"date":"2024-09-13T09:37:29","date_gmt":"2024-09-13T07:37:29","guid":{"rendered":"https:\/\/www.bouedmir-conserverie.bzh\/?post_type=product&#038;p=112"},"modified":"2026-01-21T17:34:14","modified_gmt":"2026-01-21T16:34:14","slug":"tartinable-courgette","status":"publish","type":"product","link":"https:\/\/www.bouedmir-conserverie.bzh\/index.php\/produit\/tartinable-courgette\/","title":{"rendered":"Tartinable COURGETTE"},"content":{"rendered":"<p>Voil\u00e0 une association de saveurs qui ne peut que vous plaire ! L&rsquo;estragon vient totalement sublimer la courgette et ce tartinable ap\u00e9ritif est d\u00e9licieux !<\/p>\n<p>Courgette et estragon ont \u00e9t\u00e9 produits localement dans le\u00a0<strong>Tr\u00e9gor<\/strong>, et cuisin\u00e9s avec passion dans notre laboratoire \u00e0 Lanmeur dans le\u00a0<strong>Finist\u00e8re<\/strong>.<\/p>\n<p>les courgettes ont \u00e9t\u00e9\u00a0<strong>r\u00f4ties au four<\/strong> pour que leur saveur soit conserv\u00e9e. La texture est tr\u00e8s fluide et l\u00e9g\u00e8re.<\/p>\n<p><strong>Poids :<\/strong> 105 g<\/p>\n<p><strong>Prix au kilo :<\/strong> 42,86 \u20ac\/kg<\/p>\n","protected":false},"excerpt":{"rendered":"<h2>Tartinable \u00e0 base de courgette et d&rsquo;estragon. 105 g<\/h2>\n","protected":false},"featured_media":427,"template":"","meta":{"inline_featured_image":false,"_themeisle_gutenberg_block_has_review":false},"product_brand":[],"product_cat":[21],"product_tag":[],"class_list":{"0":"post-112","1":"product","2":"type-product","3":"status-publish","4":"has-post-thumbnail","6":"product_cat-tartinables","8":"first","9":"outofstock","10":"taxable","11":"shipping-taxable","12":"purchasable","13":"product-type-simple"},"yoast_head":"<!-- This site is optimized with the Yoast SEO plugin v26.8 - https:\/\/yoast.com\/product\/yoast-seo-wordpress\/ -->\n<title>Tartinable COURGETTE - Boued Mir, conserverie artisanale bretonne<\/title>\n<meta name=\"robots\" content=\"index, follow, max-snippet:-1, max-image-preview:large, max-video-preview:-1\" \/>\n<link rel=\"canonical\" href=\"https:\/\/www.bouedmir-conserverie.bzh\/index.php\/produit\/tartinable-courgette\/\" \/>\n<meta property=\"og:locale\" content=\"fr_FR\" \/>\n<meta property=\"og:type\" content=\"article\" \/>\n<meta property=\"og:title\" content=\"Tartinable COURGETTE - Boued Mir, conserverie artisanale bretonne\" \/>\n<meta property=\"og:description\" content=\"Tartinable \u00e0 base de courgette et d&#039;estragon. 105 g\" \/>\n<meta property=\"og:url\" content=\"https:\/\/www.bouedmir-conserverie.bzh\/index.php\/produit\/tartinable-courgette\/\" \/>\n<meta property=\"og:site_name\" content=\"Boued Mir, conserverie artisanale bretonne\" \/>\n<meta property=\"article:publisher\" content=\"https:\/\/www.facebook.com\/bouedmirconserverie\" \/>\n<meta property=\"article:modified_time\" content=\"2026-01-21T16:34:14+00:00\" \/>\n<meta property=\"og:image\" content=\"http:\/\/www.bouedmir-conserverie.bzh\/wp-content\/uploads\/2024\/09\/7.png\" \/>\n\t<meta property=\"og:image:width\" content=\"2048\" \/>\n\t<meta property=\"og:image:height\" content=\"1535\" \/>\n\t<meta property=\"og:image:type\" content=\"image\/png\" \/>\n<meta name=\"twitter:card\" content=\"summary_large_image\" \/>\n<meta name=\"twitter:label1\" content=\"Dur\u00e9e de lecture estim\u00e9e\" \/>\n\t<meta name=\"twitter:data1\" content=\"1 minute\" \/>\n<script type=\"application\/ld+json\" class=\"yoast-schema-graph\">{\"@context\":\"https:\/\/schema.org\",\"@graph\":[{\"@type\":\"WebPage\",\"@id\":\"https:\/\/www.bouedmir-conserverie.bzh\/index.php\/produit\/tartinable-courgette\/\",\"url\":\"https:\/\/www.bouedmir-conserverie.bzh\/index.php\/produit\/tartinable-courgette\/\",\"name\":\"Tartinable COURGETTE - Boued Mir, conserverie artisanale bretonne\",\"isPartOf\":{\"@id\":\"https:\/\/www.bouedmir-conserverie.bzh\/#website\"},\"primaryImageOfPage\":{\"@id\":\"https:\/\/www.bouedmir-conserverie.bzh\/index.php\/produit\/tartinable-courgette\/#primaryimage\"},\"image\":{\"@id\":\"https:\/\/www.bouedmir-conserverie.bzh\/index.php\/produit\/tartinable-courgette\/#primaryimage\"},\"thumbnailUrl\":\"https:\/\/www.bouedmir-conserverie.bzh\/wp-content\/uploads\/2024\/09\/7.png\",\"datePublished\":\"2024-09-13T07:37:29+00:00\",\"dateModified\":\"2026-01-21T16:34:14+00:00\",\"breadcrumb\":{\"@id\":\"https:\/\/www.bouedmir-conserverie.bzh\/index.php\/produit\/tartinable-courgette\/#breadcrumb\"},\"inLanguage\":\"fr-FR\",\"potentialAction\":[{\"@type\":\"ReadAction\",\"target\":[\"https:\/\/www.bouedmir-conserverie.bzh\/index.php\/produit\/tartinable-courgette\/\"]}]},{\"@type\":\"ImageObject\",\"inLanguage\":\"fr-FR\",\"@id\":\"https:\/\/www.bouedmir-conserverie.bzh\/index.php\/produit\/tartinable-courgette\/#primaryimage\",\"url\":\"https:\/\/www.bouedmir-conserverie.bzh\/wp-content\/uploads\/2024\/09\/7.png\",\"contentUrl\":\"https:\/\/www.bouedmir-conserverie.bzh\/wp-content\/uploads\/2024\/09\/7.png\",\"width\":2048,\"height\":1535,\"caption\":\"tartinable de courgette\"},{\"@type\":\"BreadcrumbList\",\"@id\":\"https:\/\/www.bouedmir-conserverie.bzh\/index.php\/produit\/tartinable-courgette\/#breadcrumb\",\"itemListElement\":[{\"@type\":\"ListItem\",\"position\":1,\"name\":\"Accueil\",\"item\":\"https:\/\/www.bouedmir-conserverie.bzh\/\"},{\"@type\":\"ListItem\",\"position\":2,\"name\":\"Tartinable COURGETTE\"}]},{\"@type\":\"WebSite\",\"@id\":\"https:\/\/www.bouedmir-conserverie.bzh\/#website\",\"url\":\"https:\/\/www.bouedmir-conserverie.bzh\/\",\"name\":\"Boued Mir, conserverie v\u00e9g\u00e9tale bretonne\",\"description\":\"Faites-vous plaisir avec un ap\u00e9ro qui a du sens !\",\"publisher\":{\"@id\":\"https:\/\/www.bouedmir-conserverie.bzh\/#organization\"},\"potentialAction\":[{\"@type\":\"SearchAction\",\"target\":{\"@type\":\"EntryPoint\",\"urlTemplate\":\"https:\/\/www.bouedmir-conserverie.bzh\/?s={search_term_string}\"},\"query-input\":{\"@type\":\"PropertyValueSpecification\",\"valueRequired\":true,\"valueName\":\"search_term_string\"}}],\"inLanguage\":\"fr-FR\"},{\"@type\":\"Organization\",\"@id\":\"https:\/\/www.bouedmir-conserverie.bzh\/#organization\",\"name\":\"Boued Mir, conserverie v\u00e9g\u00e9tale bretonne\",\"url\":\"https:\/\/www.bouedmir-conserverie.bzh\/\",\"logo\":{\"@type\":\"ImageObject\",\"inLanguage\":\"fr-FR\",\"@id\":\"https:\/\/www.bouedmir-conserverie.bzh\/#\/schema\/logo\/image\/\",\"url\":\"https:\/\/www.bouedmir-conserverie.bzh\/wp-content\/uploads\/2024\/09\/BouedMir_Logo_CMJN_Couleurs.png\",\"contentUrl\":\"https:\/\/www.bouedmir-conserverie.bzh\/wp-content\/uploads\/2024\/09\/BouedMir_Logo_CMJN_Couleurs.png\",\"width\":1080,\"height\":1080,\"caption\":\"Boued Mir, conserverie v\u00e9g\u00e9tale bretonne\"},\"image\":{\"@id\":\"https:\/\/www.bouedmir-conserverie.bzh\/#\/schema\/logo\/image\/\"},\"sameAs\":[\"https:\/\/www.facebook.com\/bouedmirconserverie\",\"https:\/\/www.instagram.com\/bouedmir_conserverie\/\"]}]}<\/script>\n<!-- \/ Yoast SEO plugin. -->","yoast_head_json":{"title":"Tartinable COURGETTE - Boued Mir, conserverie artisanale bretonne","robots":{"index":"index","follow":"follow","max-snippet":"max-snippet:-1","max-image-preview":"max-image-preview:large","max-video-preview":"max-video-preview:-1"},"canonical":"https:\/\/www.bouedmir-conserverie.bzh\/index.php\/produit\/tartinable-courgette\/","og_locale":"fr_FR","og_type":"article","og_title":"Tartinable COURGETTE - Boued Mir, conserverie artisanale bretonne","og_description":"Tartinable \u00e0 base de courgette et d'estragon. 105 g","og_url":"https:\/\/www.bouedmir-conserverie.bzh\/index.php\/produit\/tartinable-courgette\/","og_site_name":"Boued Mir, conserverie artisanale bretonne","article_publisher":"https:\/\/www.facebook.com\/bouedmirconserverie","article_modified_time":"2026-01-21T16:34:14+00:00","og_image":[{"width":2048,"height":1535,"url":"http:\/\/www.bouedmir-conserverie.bzh\/wp-content\/uploads\/2024\/09\/7.png","type":"image\/png"}],"twitter_card":"summary_large_image","twitter_misc":{"Dur\u00e9e de lecture estim\u00e9e":"1 minute"},"schema":{"@context":"https:\/\/schema.org","@graph":[{"@type":"WebPage","@id":"https:\/\/www.bouedmir-conserverie.bzh\/index.php\/produit\/tartinable-courgette\/","url":"https:\/\/www.bouedmir-conserverie.bzh\/index.php\/produit\/tartinable-courgette\/","name":"Tartinable COURGETTE - Boued Mir, conserverie artisanale bretonne","isPartOf":{"@id":"https:\/\/www.bouedmir-conserverie.bzh\/#website"},"primaryImageOfPage":{"@id":"https:\/\/www.bouedmir-conserverie.bzh\/index.php\/produit\/tartinable-courgette\/#primaryimage"},"image":{"@id":"https:\/\/www.bouedmir-conserverie.bzh\/index.php\/produit\/tartinable-courgette\/#primaryimage"},"thumbnailUrl":"https:\/\/www.bouedmir-conserverie.bzh\/wp-content\/uploads\/2024\/09\/7.png","datePublished":"2024-09-13T07:37:29+00:00","dateModified":"2026-01-21T16:34:14+00:00","breadcrumb":{"@id":"https:\/\/www.bouedmir-conserverie.bzh\/index.php\/produit\/tartinable-courgette\/#breadcrumb"},"inLanguage":"fr-FR","potentialAction":[{"@type":"ReadAction","target":["https:\/\/www.bouedmir-conserverie.bzh\/index.php\/produit\/tartinable-courgette\/"]}]},{"@type":"ImageObject","inLanguage":"fr-FR","@id":"https:\/\/www.bouedmir-conserverie.bzh\/index.php\/produit\/tartinable-courgette\/#primaryimage","url":"https:\/\/www.bouedmir-conserverie.bzh\/wp-content\/uploads\/2024\/09\/7.png","contentUrl":"https:\/\/www.bouedmir-conserverie.bzh\/wp-content\/uploads\/2024\/09\/7.png","width":2048,"height":1535,"caption":"tartinable de courgette"},{"@type":"BreadcrumbList","@id":"https:\/\/www.bouedmir-conserverie.bzh\/index.php\/produit\/tartinable-courgette\/#breadcrumb","itemListElement":[{"@type":"ListItem","position":1,"name":"Accueil","item":"https:\/\/www.bouedmir-conserverie.bzh\/"},{"@type":"ListItem","position":2,"name":"Tartinable COURGETTE"}]},{"@type":"WebSite","@id":"https:\/\/www.bouedmir-conserverie.bzh\/#website","url":"https:\/\/www.bouedmir-conserverie.bzh\/","name":"Boued Mir, conserverie v\u00e9g\u00e9tale bretonne","description":"Faites-vous plaisir avec un ap\u00e9ro qui a du sens !","publisher":{"@id":"https:\/\/www.bouedmir-conserverie.bzh\/#organization"},"potentialAction":[{"@type":"SearchAction","target":{"@type":"EntryPoint","urlTemplate":"https:\/\/www.bouedmir-conserverie.bzh\/?s={search_term_string}"},"query-input":{"@type":"PropertyValueSpecification","valueRequired":true,"valueName":"search_term_string"}}],"inLanguage":"fr-FR"},{"@type":"Organization","@id":"https:\/\/www.bouedmir-conserverie.bzh\/#organization","name":"Boued Mir, conserverie v\u00e9g\u00e9tale bretonne","url":"https:\/\/www.bouedmir-conserverie.bzh\/","logo":{"@type":"ImageObject","inLanguage":"fr-FR","@id":"https:\/\/www.bouedmir-conserverie.bzh\/#\/schema\/logo\/image\/","url":"https:\/\/www.bouedmir-conserverie.bzh\/wp-content\/uploads\/2024\/09\/BouedMir_Logo_CMJN_Couleurs.png","contentUrl":"https:\/\/www.bouedmir-conserverie.bzh\/wp-content\/uploads\/2024\/09\/BouedMir_Logo_CMJN_Couleurs.png","width":1080,"height":1080,"caption":"Boued Mir, conserverie v\u00e9g\u00e9tale bretonne"},"image":{"@id":"https:\/\/www.bouedmir-conserverie.bzh\/#\/schema\/logo\/image\/"},"sameAs":["https:\/\/www.facebook.com\/bouedmirconserverie","https:\/\/www.instagram.com\/bouedmir_conserverie\/"]}]}},"jetpack_sharing_enabled":true,"_links":{"self":[{"href":"https:\/\/www.bouedmir-conserverie.bzh\/index.php\/wp-json\/wp\/v2\/product\/112","targetHints":{"allow":["GET"]}}],"collection":[{"href":"https:\/\/www.bouedmir-conserverie.bzh\/index.php\/wp-json\/wp\/v2\/product"}],"about":[{"href":"https:\/\/www.bouedmir-conserverie.bzh\/index.php\/wp-json\/wp\/v2\/types\/product"}],"wp:featuredmedia":[{"embeddable":true,"href":"https:\/\/www.bouedmir-conserverie.bzh\/index.php\/wp-json\/wp\/v2\/media\/427"}],"wp:attachment":[{"href":"https:\/\/www.bouedmir-conserverie.bzh\/index.php\/wp-json\/wp\/v2\/media?parent=112"}],"wp:term":[{"taxonomy":"product_brand","embeddable":true,"href":"https:\/\/www.bouedmir-conserverie.bzh\/index.php\/wp-json\/wp\/v2\/product_brand?post=112"},{"taxonomy":"product_cat","embeddable":true,"href":"https:\/\/www.bouedmir-conserverie.bzh\/index.php\/wp-json\/wp\/v2\/product_cat?post=112"},{"taxonomy":"product_tag","embeddable":true,"href":"https:\/\/www.bouedmir-conserverie.bzh\/index.php\/wp-json\/wp\/v2\/product_tag?post=112"}],"curies":[{"name":"wp","href":"https:\/\/api.w.org\/{rel}","templated":true}]}}