{"id":833,"date":"2025-09-12T11:05:26","date_gmt":"2025-09-12T09:05:26","guid":{"rendered":"https:\/\/www.bouedmir-conserverie.bzh\/?post_type=product&#038;p=833"},"modified":"2025-10-06T10:41:11","modified_gmt":"2025-10-06T08:41:11","slug":"sauce-tomate","status":"publish","type":"product","link":"https:\/\/www.bouedmir-conserverie.bzh\/index.php\/produit\/sauce-tomate\/","title":{"rendered":"Sauce TOMATE"},"content":{"rendered":"<p>Sauce estivale aux tomates bretonnes fra\u00eeches, aromatis\u00e9e \u00e0 l&rsquo;ail r\u00f4ti frais et au basilic (frais !)<\/p>\n<p><strong>Poids :<\/strong> 175 g<\/p>\n<p><strong>Prix au kilo :<\/strong> 20 \u20ac\/kg<\/p>\n","protected":false},"excerpt":{"rendered":"<h2>Sauce tomate. 175 g.<\/h2>\n","protected":false},"featured_media":834,"template":"","meta":{"inline_featured_image":false,"_themeisle_gutenberg_block_has_review":false},"product_brand":[],"product_cat":[31],"product_tag":[],"class_list":{"0":"post-833","1":"product","2":"type-product","3":"status-publish","4":"has-post-thumbnail","6":"product_cat-sauce","8":"first","9":"outofstock","10":"taxable","11":"shipping-taxable","12":"purchasable","13":"product-type-simple"},"yoast_head":"<!-- This site is optimized with the Yoast SEO plugin v26.8 - https:\/\/yoast.com\/product\/yoast-seo-wordpress\/ -->\n<title>Sauce TOMATE - Boued Mir, conserverie artisanale bretonne<\/title>\n<meta name=\"description\" content=\"Sauce tomate artisanale aux tomates bretonnes et au basilic frais\" \/>\n<meta name=\"robots\" content=\"index, follow, max-snippet:-1, max-image-preview:large, max-video-preview:-1\" \/>\n<link rel=\"canonical\" href=\"https:\/\/www.bouedmir-conserverie.bzh\/index.php\/produit\/sauce-tomate\/\" \/>\n<meta property=\"og:locale\" content=\"fr_FR\" \/>\n<meta property=\"og:type\" content=\"article\" \/>\n<meta property=\"og:title\" content=\"Sauce TOMATE - Boued Mir, conserverie artisanale bretonne\" \/>\n<meta property=\"og:description\" content=\"Sauce tomate artisanale aux tomates bretonnes et au basilic frais\" \/>\n<meta property=\"og:url\" content=\"https:\/\/www.bouedmir-conserverie.bzh\/index.php\/produit\/sauce-tomate\/\" \/>\n<meta property=\"og:site_name\" content=\"Boued Mir, conserverie artisanale bretonne\" \/>\n<meta property=\"article:publisher\" content=\"https:\/\/www.facebook.com\/bouedmirconserverie\" \/>\n<meta property=\"article:modified_time\" content=\"2025-10-06T08:41:11+00:00\" \/>\n<meta property=\"og:image\" content=\"http:\/\/www.bouedmir-conserverie.bzh\/wp-content\/uploads\/2025\/09\/sauce-tomate.jpg\" \/>\n\t<meta property=\"og:image:width\" content=\"2048\" \/>\n\t<meta property=\"og:image:height\" content=\"1535\" \/>\n\t<meta property=\"og:image:type\" content=\"image\/jpeg\" \/>\n<meta name=\"twitter:card\" content=\"summary_large_image\" \/>\n<meta name=\"twitter:label1\" content=\"Dur\u00e9e de lecture estim\u00e9e\" \/>\n\t<meta name=\"twitter:data1\" content=\"1 minute\" \/>\n<script type=\"application\/ld+json\" class=\"yoast-schema-graph\">{\"@context\":\"https:\/\/schema.org\",\"@graph\":[{\"@type\":\"WebPage\",\"@id\":\"https:\/\/www.bouedmir-conserverie.bzh\/index.php\/produit\/sauce-tomate\/\",\"url\":\"https:\/\/www.bouedmir-conserverie.bzh\/index.php\/produit\/sauce-tomate\/\",\"name\":\"Sauce TOMATE - Boued Mir, conserverie artisanale bretonne\",\"isPartOf\":{\"@id\":\"https:\/\/www.bouedmir-conserverie.bzh\/#website\"},\"primaryImageOfPage\":{\"@id\":\"https:\/\/www.bouedmir-conserverie.bzh\/index.php\/produit\/sauce-tomate\/#primaryimage\"},\"image\":{\"@id\":\"https:\/\/www.bouedmir-conserverie.bzh\/index.php\/produit\/sauce-tomate\/#primaryimage\"},\"thumbnailUrl\":\"https:\/\/www.bouedmir-conserverie.bzh\/wp-content\/uploads\/2025\/09\/sauce-tomate.jpg\",\"datePublished\":\"2025-09-12T09:05:26+00:00\",\"dateModified\":\"2025-10-06T08:41:11+00:00\",\"description\":\"Sauce tomate artisanale aux tomates bretonnes et au basilic frais\",\"breadcrumb\":{\"@id\":\"https:\/\/www.bouedmir-conserverie.bzh\/index.php\/produit\/sauce-tomate\/#breadcrumb\"},\"inLanguage\":\"fr-FR\",\"potentialAction\":[{\"@type\":\"ReadAction\",\"target\":[\"https:\/\/www.bouedmir-conserverie.bzh\/index.php\/produit\/sauce-tomate\/\"]}]},{\"@type\":\"ImageObject\",\"inLanguage\":\"fr-FR\",\"@id\":\"https:\/\/www.bouedmir-conserverie.bzh\/index.php\/produit\/sauce-tomate\/#primaryimage\",\"url\":\"https:\/\/www.bouedmir-conserverie.bzh\/wp-content\/uploads\/2025\/09\/sauce-tomate.jpg\",\"contentUrl\":\"https:\/\/www.bouedmir-conserverie.bzh\/wp-content\/uploads\/2025\/09\/sauce-tomate.jpg\",\"width\":2048,\"height\":1535,\"caption\":\"sauce tomate\"},{\"@type\":\"BreadcrumbList\",\"@id\":\"https:\/\/www.bouedmir-conserverie.bzh\/index.php\/produit\/sauce-tomate\/#breadcrumb\",\"itemListElement\":[{\"@type\":\"ListItem\",\"position\":1,\"name\":\"Accueil\",\"item\":\"https:\/\/www.bouedmir-conserverie.bzh\/\"},{\"@type\":\"ListItem\",\"position\":2,\"name\":\"Sauce TOMATE\"}]},{\"@type\":\"WebSite\",\"@id\":\"https:\/\/www.bouedmir-conserverie.bzh\/#website\",\"url\":\"https:\/\/www.bouedmir-conserverie.bzh\/\",\"name\":\"Boued Mir, conserverie v\u00e9g\u00e9tale bretonne\",\"description\":\"Faites-vous plaisir avec un ap\u00e9ro qui a du sens !\",\"publisher\":{\"@id\":\"https:\/\/www.bouedmir-conserverie.bzh\/#organization\"},\"potentialAction\":[{\"@type\":\"SearchAction\",\"target\":{\"@type\":\"EntryPoint\",\"urlTemplate\":\"https:\/\/www.bouedmir-conserverie.bzh\/?s={search_term_string}\"},\"query-input\":{\"@type\":\"PropertyValueSpecification\",\"valueRequired\":true,\"valueName\":\"search_term_string\"}}],\"inLanguage\":\"fr-FR\"},{\"@type\":\"Organization\",\"@id\":\"https:\/\/www.bouedmir-conserverie.bzh\/#organization\",\"name\":\"Boued Mir, conserverie v\u00e9g\u00e9tale bretonne\",\"url\":\"https:\/\/www.bouedmir-conserverie.bzh\/\",\"logo\":{\"@type\":\"ImageObject\",\"inLanguage\":\"fr-FR\",\"@id\":\"https:\/\/www.bouedmir-conserverie.bzh\/#\/schema\/logo\/image\/\",\"url\":\"https:\/\/www.bouedmir-conserverie.bzh\/wp-content\/uploads\/2024\/09\/BouedMir_Logo_CMJN_Couleurs.png\",\"contentUrl\":\"https:\/\/www.bouedmir-conserverie.bzh\/wp-content\/uploads\/2024\/09\/BouedMir_Logo_CMJN_Couleurs.png\",\"width\":1080,\"height\":1080,\"caption\":\"Boued Mir, conserverie v\u00e9g\u00e9tale bretonne\"},\"image\":{\"@id\":\"https:\/\/www.bouedmir-conserverie.bzh\/#\/schema\/logo\/image\/\"},\"sameAs\":[\"https:\/\/www.facebook.com\/bouedmirconserverie\",\"https:\/\/www.instagram.com\/bouedmir_conserverie\/\"]}]}<\/script>\n<!-- \/ Yoast SEO plugin. -->","yoast_head_json":{"title":"Sauce TOMATE - Boued Mir, conserverie artisanale bretonne","description":"Sauce tomate artisanale aux tomates bretonnes et au basilic frais","robots":{"index":"index","follow":"follow","max-snippet":"max-snippet:-1","max-image-preview":"max-image-preview:large","max-video-preview":"max-video-preview:-1"},"canonical":"https:\/\/www.bouedmir-conserverie.bzh\/index.php\/produit\/sauce-tomate\/","og_locale":"fr_FR","og_type":"article","og_title":"Sauce TOMATE - Boued Mir, conserverie artisanale bretonne","og_description":"Sauce tomate artisanale aux tomates bretonnes et au basilic frais","og_url":"https:\/\/www.bouedmir-conserverie.bzh\/index.php\/produit\/sauce-tomate\/","og_site_name":"Boued Mir, conserverie artisanale bretonne","article_publisher":"https:\/\/www.facebook.com\/bouedmirconserverie","article_modified_time":"2025-10-06T08:41:11+00:00","og_image":[{"width":2048,"height":1535,"url":"http:\/\/www.bouedmir-conserverie.bzh\/wp-content\/uploads\/2025\/09\/sauce-tomate.jpg","type":"image\/jpeg"}],"twitter_card":"summary_large_image","twitter_misc":{"Dur\u00e9e de lecture estim\u00e9e":"1 minute"},"schema":{"@context":"https:\/\/schema.org","@graph":[{"@type":"WebPage","@id":"https:\/\/www.bouedmir-conserverie.bzh\/index.php\/produit\/sauce-tomate\/","url":"https:\/\/www.bouedmir-conserverie.bzh\/index.php\/produit\/sauce-tomate\/","name":"Sauce TOMATE - Boued Mir, conserverie artisanale bretonne","isPartOf":{"@id":"https:\/\/www.bouedmir-conserverie.bzh\/#website"},"primaryImageOfPage":{"@id":"https:\/\/www.bouedmir-conserverie.bzh\/index.php\/produit\/sauce-tomate\/#primaryimage"},"image":{"@id":"https:\/\/www.bouedmir-conserverie.bzh\/index.php\/produit\/sauce-tomate\/#primaryimage"},"thumbnailUrl":"https:\/\/www.bouedmir-conserverie.bzh\/wp-content\/uploads\/2025\/09\/sauce-tomate.jpg","datePublished":"2025-09-12T09:05:26+00:00","dateModified":"2025-10-06T08:41:11+00:00","description":"Sauce tomate artisanale aux tomates bretonnes et au basilic frais","breadcrumb":{"@id":"https:\/\/www.bouedmir-conserverie.bzh\/index.php\/produit\/sauce-tomate\/#breadcrumb"},"inLanguage":"fr-FR","potentialAction":[{"@type":"ReadAction","target":["https:\/\/www.bouedmir-conserverie.bzh\/index.php\/produit\/sauce-tomate\/"]}]},{"@type":"ImageObject","inLanguage":"fr-FR","@id":"https:\/\/www.bouedmir-conserverie.bzh\/index.php\/produit\/sauce-tomate\/#primaryimage","url":"https:\/\/www.bouedmir-conserverie.bzh\/wp-content\/uploads\/2025\/09\/sauce-tomate.jpg","contentUrl":"https:\/\/www.bouedmir-conserverie.bzh\/wp-content\/uploads\/2025\/09\/sauce-tomate.jpg","width":2048,"height":1535,"caption":"sauce tomate"},{"@type":"BreadcrumbList","@id":"https:\/\/www.bouedmir-conserverie.bzh\/index.php\/produit\/sauce-tomate\/#breadcrumb","itemListElement":[{"@type":"ListItem","position":1,"name":"Accueil","item":"https:\/\/www.bouedmir-conserverie.bzh\/"},{"@type":"ListItem","position":2,"name":"Sauce TOMATE"}]},{"@type":"WebSite","@id":"https:\/\/www.bouedmir-conserverie.bzh\/#website","url":"https:\/\/www.bouedmir-conserverie.bzh\/","name":"Boued Mir, conserverie v\u00e9g\u00e9tale bretonne","description":"Faites-vous plaisir avec un ap\u00e9ro qui a du sens !","publisher":{"@id":"https:\/\/www.bouedmir-conserverie.bzh\/#organization"},"potentialAction":[{"@type":"SearchAction","target":{"@type":"EntryPoint","urlTemplate":"https:\/\/www.bouedmir-conserverie.bzh\/?s={search_term_string}"},"query-input":{"@type":"PropertyValueSpecification","valueRequired":true,"valueName":"search_term_string"}}],"inLanguage":"fr-FR"},{"@type":"Organization","@id":"https:\/\/www.bouedmir-conserverie.bzh\/#organization","name":"Boued Mir, conserverie v\u00e9g\u00e9tale bretonne","url":"https:\/\/www.bouedmir-conserverie.bzh\/","logo":{"@type":"ImageObject","inLanguage":"fr-FR","@id":"https:\/\/www.bouedmir-conserverie.bzh\/#\/schema\/logo\/image\/","url":"https:\/\/www.bouedmir-conserverie.bzh\/wp-content\/uploads\/2024\/09\/BouedMir_Logo_CMJN_Couleurs.png","contentUrl":"https:\/\/www.bouedmir-conserverie.bzh\/wp-content\/uploads\/2024\/09\/BouedMir_Logo_CMJN_Couleurs.png","width":1080,"height":1080,"caption":"Boued Mir, conserverie v\u00e9g\u00e9tale bretonne"},"image":{"@id":"https:\/\/www.bouedmir-conserverie.bzh\/#\/schema\/logo\/image\/"},"sameAs":["https:\/\/www.facebook.com\/bouedmirconserverie","https:\/\/www.instagram.com\/bouedmir_conserverie\/"]}]}},"jetpack_sharing_enabled":true,"_links":{"self":[{"href":"https:\/\/www.bouedmir-conserverie.bzh\/index.php\/wp-json\/wp\/v2\/product\/833","targetHints":{"allow":["GET"]}}],"collection":[{"href":"https:\/\/www.bouedmir-conserverie.bzh\/index.php\/wp-json\/wp\/v2\/product"}],"about":[{"href":"https:\/\/www.bouedmir-conserverie.bzh\/index.php\/wp-json\/wp\/v2\/types\/product"}],"wp:featuredmedia":[{"embeddable":true,"href":"https:\/\/www.bouedmir-conserverie.bzh\/index.php\/wp-json\/wp\/v2\/media\/834"}],"wp:attachment":[{"href":"https:\/\/www.bouedmir-conserverie.bzh\/index.php\/wp-json\/wp\/v2\/media?parent=833"}],"wp:term":[{"taxonomy":"product_brand","embeddable":true,"href":"https:\/\/www.bouedmir-conserverie.bzh\/index.php\/wp-json\/wp\/v2\/product_brand?post=833"},{"taxonomy":"product_cat","embeddable":true,"href":"https:\/\/www.bouedmir-conserverie.bzh\/index.php\/wp-json\/wp\/v2\/product_cat?post=833"},{"taxonomy":"product_tag","embeddable":true,"href":"https:\/\/www.bouedmir-conserverie.bzh\/index.php\/wp-json\/wp\/v2\/product_tag?post=833"}],"curies":[{"name":"wp","href":"https:\/\/api.w.org\/{rel}","templated":true}]}}