{"id":843,"date":"2025-10-06T10:48:11","date_gmt":"2025-10-06T08:48:11","guid":{"rendered":"https:\/\/www.bouedmir-conserverie.bzh\/?post_type=product&#038;p=843"},"modified":"2026-03-04T13:26:42","modified_gmt":"2026-03-04T12:26:42","slug":"dessert-pomme-au-naturel","status":"publish","type":"product","link":"https:\/\/www.bouedmir-conserverie.bzh\/index.php\/produit\/dessert-pomme-au-naturel\/","title":{"rendered":"dessert POMME AU NATUREL"},"content":{"rendered":"<p>Qu&rsquo;est ce qu&rsquo;on trouve dans ce dessert ? De la pomme bretonne&#8230; et puis c&rsquo;est tout ! (une pointe de miel quand m\u00eame pour casser un peu l&rsquo;acidit\u00e9)<\/p>\n<p><strong>Poids :<\/strong> 175 g<\/p>\n<p><strong>Prix au kilo :<\/strong> 20 \u20ac\/kg<\/p>\n","protected":false},"excerpt":{"rendered":"<h2>Dessert pomme au naturel. 175 g.<\/h2>\n","protected":false},"featured_media":844,"template":"","meta":{"inline_featured_image":false,"_themeisle_gutenberg_block_has_review":false},"product_brand":[],"product_cat":[31],"product_tag":[],"class_list":{"0":"post-843","1":"product","2":"type-product","3":"status-publish","4":"has-post-thumbnail","6":"product_cat-sauce","8":"first","9":"instock","10":"taxable","11":"shipping-taxable","12":"purchasable","13":"product-type-simple"},"yoast_head":"<!-- This site is optimized with the Yoast SEO plugin v26.8 - https:\/\/yoast.com\/product\/yoast-seo-wordpress\/ -->\n<title>dessert POMME AU NATUREL - Boued Mir, conserverie artisanale bretonne<\/title>\n<meta name=\"description\" content=\"Voici un dessert breton \u00e9quilibr\u00e9, avec 98 % de pommes bretonnes et une touche de miel breton. Un dessert sain et gourmand !\" \/>\n<meta name=\"robots\" content=\"index, follow, max-snippet:-1, max-image-preview:large, max-video-preview:-1\" \/>\n<link rel=\"canonical\" href=\"https:\/\/www.bouedmir-conserverie.bzh\/index.php\/produit\/dessert-pomme-au-naturel\/\" \/>\n<meta property=\"og:locale\" content=\"fr_FR\" \/>\n<meta property=\"og:type\" content=\"article\" \/>\n<meta property=\"og:title\" content=\"dessert POMME AU NATUREL - Boued Mir, conserverie artisanale bretonne\" \/>\n<meta property=\"og:description\" content=\"Voici un dessert breton \u00e9quilibr\u00e9, avec 98 % de pommes bretonnes et une touche de miel breton. Un dessert sain et gourmand !\" \/>\n<meta property=\"og:url\" content=\"https:\/\/www.bouedmir-conserverie.bzh\/index.php\/produit\/dessert-pomme-au-naturel\/\" \/>\n<meta property=\"og:site_name\" content=\"Boued Mir, conserverie artisanale bretonne\" \/>\n<meta property=\"article:publisher\" content=\"https:\/\/www.facebook.com\/bouedmirconserverie\" \/>\n<meta property=\"article:modified_time\" content=\"2026-03-04T12:26:42+00:00\" \/>\n<meta property=\"og:image\" content=\"http:\/\/www.bouedmir-conserverie.bzh\/wp-content\/uploads\/2025\/10\/compote-pomme-nature.png\" \/>\n\t<meta property=\"og:image:width\" content=\"2048\" \/>\n\t<meta property=\"og:image:height\" content=\"1535\" \/>\n\t<meta property=\"og:image:type\" content=\"image\/png\" \/>\n<meta name=\"twitter:card\" content=\"summary_large_image\" \/>\n<meta name=\"twitter:label1\" content=\"Dur\u00e9e de lecture estim\u00e9e\" \/>\n\t<meta name=\"twitter:data1\" content=\"1 minute\" \/>\n<script type=\"application\/ld+json\" class=\"yoast-schema-graph\">{\"@context\":\"https:\/\/schema.org\",\"@graph\":[{\"@type\":\"WebPage\",\"@id\":\"https:\/\/www.bouedmir-conserverie.bzh\/index.php\/produit\/dessert-pomme-au-naturel\/\",\"url\":\"https:\/\/www.bouedmir-conserverie.bzh\/index.php\/produit\/dessert-pomme-au-naturel\/\",\"name\":\"dessert POMME AU NATUREL - Boued Mir, conserverie artisanale bretonne\",\"isPartOf\":{\"@id\":\"https:\/\/www.bouedmir-conserverie.bzh\/#website\"},\"primaryImageOfPage\":{\"@id\":\"https:\/\/www.bouedmir-conserverie.bzh\/index.php\/produit\/dessert-pomme-au-naturel\/#primaryimage\"},\"image\":{\"@id\":\"https:\/\/www.bouedmir-conserverie.bzh\/index.php\/produit\/dessert-pomme-au-naturel\/#primaryimage\"},\"thumbnailUrl\":\"https:\/\/www.bouedmir-conserverie.bzh\/wp-content\/uploads\/2025\/10\/compote-pomme-nature.png\",\"datePublished\":\"2025-10-06T08:48:11+00:00\",\"dateModified\":\"2026-03-04T12:26:42+00:00\",\"description\":\"Voici un dessert breton \u00e9quilibr\u00e9, avec 98 % de pommes bretonnes et une touche de miel breton. Un dessert sain et gourmand !\",\"breadcrumb\":{\"@id\":\"https:\/\/www.bouedmir-conserverie.bzh\/index.php\/produit\/dessert-pomme-au-naturel\/#breadcrumb\"},\"inLanguage\":\"fr-FR\",\"potentialAction\":[{\"@type\":\"ReadAction\",\"target\":[\"https:\/\/www.bouedmir-conserverie.bzh\/index.php\/produit\/dessert-pomme-au-naturel\/\"]}]},{\"@type\":\"ImageObject\",\"inLanguage\":\"fr-FR\",\"@id\":\"https:\/\/www.bouedmir-conserverie.bzh\/index.php\/produit\/dessert-pomme-au-naturel\/#primaryimage\",\"url\":\"https:\/\/www.bouedmir-conserverie.bzh\/wp-content\/uploads\/2025\/10\/compote-pomme-nature.png\",\"contentUrl\":\"https:\/\/www.bouedmir-conserverie.bzh\/wp-content\/uploads\/2025\/10\/compote-pomme-nature.png\",\"width\":2048,\"height\":1535,\"caption\":\"dessert_pomme_naturel\"},{\"@type\":\"BreadcrumbList\",\"@id\":\"https:\/\/www.bouedmir-conserverie.bzh\/index.php\/produit\/dessert-pomme-au-naturel\/#breadcrumb\",\"itemListElement\":[{\"@type\":\"ListItem\",\"position\":1,\"name\":\"Accueil\",\"item\":\"https:\/\/www.bouedmir-conserverie.bzh\/\"},{\"@type\":\"ListItem\",\"position\":2,\"name\":\"dessert POMME AU NATUREL\"}]},{\"@type\":\"WebSite\",\"@id\":\"https:\/\/www.bouedmir-conserverie.bzh\/#website\",\"url\":\"https:\/\/www.bouedmir-conserverie.bzh\/\",\"name\":\"Boued Mir, conserverie v\u00e9g\u00e9tale bretonne\",\"description\":\"Faites-vous plaisir avec un ap\u00e9ro qui a du sens !\",\"publisher\":{\"@id\":\"https:\/\/www.bouedmir-conserverie.bzh\/#organization\"},\"potentialAction\":[{\"@type\":\"SearchAction\",\"target\":{\"@type\":\"EntryPoint\",\"urlTemplate\":\"https:\/\/www.bouedmir-conserverie.bzh\/?s={search_term_string}\"},\"query-input\":{\"@type\":\"PropertyValueSpecification\",\"valueRequired\":true,\"valueName\":\"search_term_string\"}}],\"inLanguage\":\"fr-FR\"},{\"@type\":\"Organization\",\"@id\":\"https:\/\/www.bouedmir-conserverie.bzh\/#organization\",\"name\":\"Boued Mir, conserverie v\u00e9g\u00e9tale bretonne\",\"url\":\"https:\/\/www.bouedmir-conserverie.bzh\/\",\"logo\":{\"@type\":\"ImageObject\",\"inLanguage\":\"fr-FR\",\"@id\":\"https:\/\/www.bouedmir-conserverie.bzh\/#\/schema\/logo\/image\/\",\"url\":\"https:\/\/www.bouedmir-conserverie.bzh\/wp-content\/uploads\/2024\/09\/BouedMir_Logo_CMJN_Couleurs.png\",\"contentUrl\":\"https:\/\/www.bouedmir-conserverie.bzh\/wp-content\/uploads\/2024\/09\/BouedMir_Logo_CMJN_Couleurs.png\",\"width\":1080,\"height\":1080,\"caption\":\"Boued Mir, conserverie v\u00e9g\u00e9tale bretonne\"},\"image\":{\"@id\":\"https:\/\/www.bouedmir-conserverie.bzh\/#\/schema\/logo\/image\/\"},\"sameAs\":[\"https:\/\/www.facebook.com\/bouedmirconserverie\",\"https:\/\/www.instagram.com\/bouedmir_conserverie\/\"]}]}<\/script>\n<!-- \/ Yoast SEO plugin. -->","yoast_head_json":{"title":"dessert POMME AU NATUREL - Boued Mir, conserverie artisanale bretonne","description":"Voici un dessert breton \u00e9quilibr\u00e9, avec 98 % de pommes bretonnes et une touche de miel breton. Un dessert sain et gourmand !","robots":{"index":"index","follow":"follow","max-snippet":"max-snippet:-1","max-image-preview":"max-image-preview:large","max-video-preview":"max-video-preview:-1"},"canonical":"https:\/\/www.bouedmir-conserverie.bzh\/index.php\/produit\/dessert-pomme-au-naturel\/","og_locale":"fr_FR","og_type":"article","og_title":"dessert POMME AU NATUREL - Boued Mir, conserverie artisanale bretonne","og_description":"Voici un dessert breton \u00e9quilibr\u00e9, avec 98 % de pommes bretonnes et une touche de miel breton. Un dessert sain et gourmand !","og_url":"https:\/\/www.bouedmir-conserverie.bzh\/index.php\/produit\/dessert-pomme-au-naturel\/","og_site_name":"Boued Mir, conserverie artisanale bretonne","article_publisher":"https:\/\/www.facebook.com\/bouedmirconserverie","article_modified_time":"2026-03-04T12:26:42+00:00","og_image":[{"width":2048,"height":1535,"url":"http:\/\/www.bouedmir-conserverie.bzh\/wp-content\/uploads\/2025\/10\/compote-pomme-nature.png","type":"image\/png"}],"twitter_card":"summary_large_image","twitter_misc":{"Dur\u00e9e de lecture estim\u00e9e":"1 minute"},"schema":{"@context":"https:\/\/schema.org","@graph":[{"@type":"WebPage","@id":"https:\/\/www.bouedmir-conserverie.bzh\/index.php\/produit\/dessert-pomme-au-naturel\/","url":"https:\/\/www.bouedmir-conserverie.bzh\/index.php\/produit\/dessert-pomme-au-naturel\/","name":"dessert POMME AU NATUREL - Boued Mir, conserverie artisanale bretonne","isPartOf":{"@id":"https:\/\/www.bouedmir-conserverie.bzh\/#website"},"primaryImageOfPage":{"@id":"https:\/\/www.bouedmir-conserverie.bzh\/index.php\/produit\/dessert-pomme-au-naturel\/#primaryimage"},"image":{"@id":"https:\/\/www.bouedmir-conserverie.bzh\/index.php\/produit\/dessert-pomme-au-naturel\/#primaryimage"},"thumbnailUrl":"https:\/\/www.bouedmir-conserverie.bzh\/wp-content\/uploads\/2025\/10\/compote-pomme-nature.png","datePublished":"2025-10-06T08:48:11+00:00","dateModified":"2026-03-04T12:26:42+00:00","description":"Voici un dessert breton \u00e9quilibr\u00e9, avec 98 % de pommes bretonnes et une touche de miel breton. Un dessert sain et gourmand !","breadcrumb":{"@id":"https:\/\/www.bouedmir-conserverie.bzh\/index.php\/produit\/dessert-pomme-au-naturel\/#breadcrumb"},"inLanguage":"fr-FR","potentialAction":[{"@type":"ReadAction","target":["https:\/\/www.bouedmir-conserverie.bzh\/index.php\/produit\/dessert-pomme-au-naturel\/"]}]},{"@type":"ImageObject","inLanguage":"fr-FR","@id":"https:\/\/www.bouedmir-conserverie.bzh\/index.php\/produit\/dessert-pomme-au-naturel\/#primaryimage","url":"https:\/\/www.bouedmir-conserverie.bzh\/wp-content\/uploads\/2025\/10\/compote-pomme-nature.png","contentUrl":"https:\/\/www.bouedmir-conserverie.bzh\/wp-content\/uploads\/2025\/10\/compote-pomme-nature.png","width":2048,"height":1535,"caption":"dessert_pomme_naturel"},{"@type":"BreadcrumbList","@id":"https:\/\/www.bouedmir-conserverie.bzh\/index.php\/produit\/dessert-pomme-au-naturel\/#breadcrumb","itemListElement":[{"@type":"ListItem","position":1,"name":"Accueil","item":"https:\/\/www.bouedmir-conserverie.bzh\/"},{"@type":"ListItem","position":2,"name":"dessert POMME AU NATUREL"}]},{"@type":"WebSite","@id":"https:\/\/www.bouedmir-conserverie.bzh\/#website","url":"https:\/\/www.bouedmir-conserverie.bzh\/","name":"Boued Mir, conserverie v\u00e9g\u00e9tale bretonne","description":"Faites-vous plaisir avec un ap\u00e9ro qui a du sens !","publisher":{"@id":"https:\/\/www.bouedmir-conserverie.bzh\/#organization"},"potentialAction":[{"@type":"SearchAction","target":{"@type":"EntryPoint","urlTemplate":"https:\/\/www.bouedmir-conserverie.bzh\/?s={search_term_string}"},"query-input":{"@type":"PropertyValueSpecification","valueRequired":true,"valueName":"search_term_string"}}],"inLanguage":"fr-FR"},{"@type":"Organization","@id":"https:\/\/www.bouedmir-conserverie.bzh\/#organization","name":"Boued Mir, conserverie v\u00e9g\u00e9tale bretonne","url":"https:\/\/www.bouedmir-conserverie.bzh\/","logo":{"@type":"ImageObject","inLanguage":"fr-FR","@id":"https:\/\/www.bouedmir-conserverie.bzh\/#\/schema\/logo\/image\/","url":"https:\/\/www.bouedmir-conserverie.bzh\/wp-content\/uploads\/2024\/09\/BouedMir_Logo_CMJN_Couleurs.png","contentUrl":"https:\/\/www.bouedmir-conserverie.bzh\/wp-content\/uploads\/2024\/09\/BouedMir_Logo_CMJN_Couleurs.png","width":1080,"height":1080,"caption":"Boued Mir, conserverie v\u00e9g\u00e9tale bretonne"},"image":{"@id":"https:\/\/www.bouedmir-conserverie.bzh\/#\/schema\/logo\/image\/"},"sameAs":["https:\/\/www.facebook.com\/bouedmirconserverie","https:\/\/www.instagram.com\/bouedmir_conserverie\/"]}]}},"jetpack_sharing_enabled":true,"_links":{"self":[{"href":"https:\/\/www.bouedmir-conserverie.bzh\/index.php\/wp-json\/wp\/v2\/product\/843","targetHints":{"allow":["GET"]}}],"collection":[{"href":"https:\/\/www.bouedmir-conserverie.bzh\/index.php\/wp-json\/wp\/v2\/product"}],"about":[{"href":"https:\/\/www.bouedmir-conserverie.bzh\/index.php\/wp-json\/wp\/v2\/types\/product"}],"wp:featuredmedia":[{"embeddable":true,"href":"https:\/\/www.bouedmir-conserverie.bzh\/index.php\/wp-json\/wp\/v2\/media\/844"}],"wp:attachment":[{"href":"https:\/\/www.bouedmir-conserverie.bzh\/index.php\/wp-json\/wp\/v2\/media?parent=843"}],"wp:term":[{"taxonomy":"product_brand","embeddable":true,"href":"https:\/\/www.bouedmir-conserverie.bzh\/index.php\/wp-json\/wp\/v2\/product_brand?post=843"},{"taxonomy":"product_cat","embeddable":true,"href":"https:\/\/www.bouedmir-conserverie.bzh\/index.php\/wp-json\/wp\/v2\/product_cat?post=843"},{"taxonomy":"product_tag","embeddable":true,"href":"https:\/\/www.bouedmir-conserverie.bzh\/index.php\/wp-json\/wp\/v2\/product_tag?post=843"}],"curies":[{"name":"wp","href":"https:\/\/api.w.org\/{rel}","templated":true}]}}