{"id":888,"date":"2026-03-04T13:42:43","date_gmt":"2026-03-04T12:42:43","guid":{"rendered":"https:\/\/www.bouedmir-conserverie.bzh\/?post_type=product&#038;p=888"},"modified":"2026-03-04T13:50:54","modified_gmt":"2026-03-04T12:50:54","slug":"tartinable-haricot-vert","status":"publish","type":"product","link":"https:\/\/www.bouedmir-conserverie.bzh\/index.php\/produit\/tartinable-haricot-vert\/","title":{"rendered":"Tartinable HARICOT VERT"},"content":{"rendered":"<p>Vous avez d\u00e9j\u00e0 test\u00e9 un tartinable de haricot vert ? Tentez l&rsquo;exp\u00e9rience avec ce tartinable haricot vert, menthe fra\u00eeche et wasabi ! S\u00e9rie limit\u00e9e avec des haricots verts de Saint-Jean-Du-Doigt (29)<\/p>\n<p><strong>Poids net :<\/strong> 100 g<\/p>\n<p><strong>Prix au kilo :<\/strong> 45 \u20ac\/kg<\/p>\n","protected":false},"excerpt":{"rendered":"<h2>Tartinable haricot vert, menthe et wasabi. 100 g.<\/h2>\n","protected":false},"featured_media":885,"template":"","meta":{"inline_featured_image":false,"_themeisle_gutenberg_block_has_review":false},"product_brand":[],"product_cat":[21],"product_tag":[],"class_list":{"0":"post-888","1":"product","2":"type-product","3":"status-publish","4":"has-post-thumbnail","6":"product_cat-tartinables","8":"first","9":"instock","10":"taxable","11":"shipping-taxable","12":"purchasable","13":"product-type-simple"},"yoast_head":"<!-- This site is optimized with the Yoast SEO plugin v26.8 - https:\/\/yoast.com\/product\/yoast-seo-wordpress\/ -->\n<title>Tartinable HARICOT VERT - Boued Mir, conserverie artisanale bretonne<\/title>\n<meta name=\"description\" content=\"Vous avez d\u00e9j\u00e0 test\u00e9 un tartinable de haricot vert ? Tentez l&#039;exp\u00e9rience avec ce tartinable haricot, menthe et wasabi ! S\u00e9rie limit\u00e9e !!\" \/>\n<meta name=\"robots\" content=\"index, follow, max-snippet:-1, max-image-preview:large, max-video-preview:-1\" \/>\n<link rel=\"canonical\" href=\"https:\/\/www.bouedmir-conserverie.bzh\/index.php\/produit\/tartinable-haricot-vert\/\" \/>\n<meta property=\"og:locale\" content=\"fr_FR\" \/>\n<meta property=\"og:type\" content=\"article\" \/>\n<meta property=\"og:title\" content=\"Tartinable HARICOT VERT - Boued Mir, conserverie artisanale bretonne\" \/>\n<meta property=\"og:description\" content=\"Vous avez d\u00e9j\u00e0 test\u00e9 un tartinable de haricot vert ? Tentez l&#039;exp\u00e9rience avec ce tartinable haricot, menthe et wasabi ! S\u00e9rie limit\u00e9e !!\" \/>\n<meta property=\"og:url\" content=\"https:\/\/www.bouedmir-conserverie.bzh\/index.php\/produit\/tartinable-haricot-vert\/\" \/>\n<meta property=\"og:site_name\" content=\"Boued Mir, conserverie artisanale bretonne\" \/>\n<meta property=\"article:publisher\" content=\"https:\/\/www.facebook.com\/bouedmirconserverie\" \/>\n<meta property=\"article:modified_time\" content=\"2026-03-04T12:50:54+00:00\" \/>\n<meta property=\"og:image\" content=\"http:\/\/www.bouedmir-conserverie.bzh\/wp-content\/uploads\/2026\/03\/haricot-vert.jpg\" \/>\n\t<meta property=\"og:image:width\" content=\"2048\" \/>\n\t<meta property=\"og:image:height\" content=\"1535\" \/>\n\t<meta property=\"og:image:type\" content=\"image\/jpeg\" \/>\n<meta name=\"twitter:card\" content=\"summary_large_image\" \/>\n<meta name=\"twitter:label1\" content=\"Dur\u00e9e de lecture estim\u00e9e\" \/>\n\t<meta name=\"twitter:data1\" content=\"1 minute\" \/>\n<script type=\"application\/ld+json\" class=\"yoast-schema-graph\">{\"@context\":\"https:\/\/schema.org\",\"@graph\":[{\"@type\":\"WebPage\",\"@id\":\"https:\/\/www.bouedmir-conserverie.bzh\/index.php\/produit\/tartinable-haricot-vert\/\",\"url\":\"https:\/\/www.bouedmir-conserverie.bzh\/index.php\/produit\/tartinable-haricot-vert\/\",\"name\":\"Tartinable HARICOT VERT - Boued Mir, conserverie artisanale bretonne\",\"isPartOf\":{\"@id\":\"https:\/\/www.bouedmir-conserverie.bzh\/#website\"},\"primaryImageOfPage\":{\"@id\":\"https:\/\/www.bouedmir-conserverie.bzh\/index.php\/produit\/tartinable-haricot-vert\/#primaryimage\"},\"image\":{\"@id\":\"https:\/\/www.bouedmir-conserverie.bzh\/index.php\/produit\/tartinable-haricot-vert\/#primaryimage\"},\"thumbnailUrl\":\"https:\/\/www.bouedmir-conserverie.bzh\/wp-content\/uploads\/2026\/03\/haricot-vert.jpg\",\"datePublished\":\"2026-03-04T12:42:43+00:00\",\"dateModified\":\"2026-03-04T12:50:54+00:00\",\"description\":\"Vous avez d\u00e9j\u00e0 test\u00e9 un tartinable de haricot vert ? Tentez l'exp\u00e9rience avec ce tartinable haricot, menthe et wasabi ! S\u00e9rie limit\u00e9e !!\",\"breadcrumb\":{\"@id\":\"https:\/\/www.bouedmir-conserverie.bzh\/index.php\/produit\/tartinable-haricot-vert\/#breadcrumb\"},\"inLanguage\":\"fr-FR\",\"potentialAction\":[{\"@type\":\"ReadAction\",\"target\":[\"https:\/\/www.bouedmir-conserverie.bzh\/index.php\/produit\/tartinable-haricot-vert\/\"]}]},{\"@type\":\"ImageObject\",\"inLanguage\":\"fr-FR\",\"@id\":\"https:\/\/www.bouedmir-conserverie.bzh\/index.php\/produit\/tartinable-haricot-vert\/#primaryimage\",\"url\":\"https:\/\/www.bouedmir-conserverie.bzh\/wp-content\/uploads\/2026\/03\/haricot-vert.jpg\",\"contentUrl\":\"https:\/\/www.bouedmir-conserverie.bzh\/wp-content\/uploads\/2026\/03\/haricot-vert.jpg\",\"width\":2048,\"height\":1535,\"caption\":\"tartinable haricot vert\"},{\"@type\":\"BreadcrumbList\",\"@id\":\"https:\/\/www.bouedmir-conserverie.bzh\/index.php\/produit\/tartinable-haricot-vert\/#breadcrumb\",\"itemListElement\":[{\"@type\":\"ListItem\",\"position\":1,\"name\":\"Accueil\",\"item\":\"https:\/\/www.bouedmir-conserverie.bzh\/\"},{\"@type\":\"ListItem\",\"position\":2,\"name\":\"Tartinable HARICOT VERT\"}]},{\"@type\":\"WebSite\",\"@id\":\"https:\/\/www.bouedmir-conserverie.bzh\/#website\",\"url\":\"https:\/\/www.bouedmir-conserverie.bzh\/\",\"name\":\"Boued Mir, conserverie v\u00e9g\u00e9tale bretonne\",\"description\":\"Faites-vous plaisir avec un ap\u00e9ro qui a du sens !\",\"publisher\":{\"@id\":\"https:\/\/www.bouedmir-conserverie.bzh\/#organization\"},\"potentialAction\":[{\"@type\":\"SearchAction\",\"target\":{\"@type\":\"EntryPoint\",\"urlTemplate\":\"https:\/\/www.bouedmir-conserverie.bzh\/?s={search_term_string}\"},\"query-input\":{\"@type\":\"PropertyValueSpecification\",\"valueRequired\":true,\"valueName\":\"search_term_string\"}}],\"inLanguage\":\"fr-FR\"},{\"@type\":\"Organization\",\"@id\":\"https:\/\/www.bouedmir-conserverie.bzh\/#organization\",\"name\":\"Boued Mir, conserverie v\u00e9g\u00e9tale bretonne\",\"url\":\"https:\/\/www.bouedmir-conserverie.bzh\/\",\"logo\":{\"@type\":\"ImageObject\",\"inLanguage\":\"fr-FR\",\"@id\":\"https:\/\/www.bouedmir-conserverie.bzh\/#\/schema\/logo\/image\/\",\"url\":\"https:\/\/www.bouedmir-conserverie.bzh\/wp-content\/uploads\/2024\/09\/BouedMir_Logo_CMJN_Couleurs.png\",\"contentUrl\":\"https:\/\/www.bouedmir-conserverie.bzh\/wp-content\/uploads\/2024\/09\/BouedMir_Logo_CMJN_Couleurs.png\",\"width\":1080,\"height\":1080,\"caption\":\"Boued Mir, conserverie v\u00e9g\u00e9tale bretonne\"},\"image\":{\"@id\":\"https:\/\/www.bouedmir-conserverie.bzh\/#\/schema\/logo\/image\/\"},\"sameAs\":[\"https:\/\/www.facebook.com\/bouedmirconserverie\",\"https:\/\/www.instagram.com\/bouedmir_conserverie\/\"]}]}<\/script>\n<!-- \/ Yoast SEO plugin. -->","yoast_head_json":{"title":"Tartinable HARICOT VERT - Boued Mir, conserverie artisanale bretonne","description":"Vous avez d\u00e9j\u00e0 test\u00e9 un tartinable de haricot vert ? Tentez l'exp\u00e9rience avec ce tartinable haricot, menthe et wasabi ! S\u00e9rie limit\u00e9e !!","robots":{"index":"index","follow":"follow","max-snippet":"max-snippet:-1","max-image-preview":"max-image-preview:large","max-video-preview":"max-video-preview:-1"},"canonical":"https:\/\/www.bouedmir-conserverie.bzh\/index.php\/produit\/tartinable-haricot-vert\/","og_locale":"fr_FR","og_type":"article","og_title":"Tartinable HARICOT VERT - Boued Mir, conserverie artisanale bretonne","og_description":"Vous avez d\u00e9j\u00e0 test\u00e9 un tartinable de haricot vert ? Tentez l'exp\u00e9rience avec ce tartinable haricot, menthe et wasabi ! S\u00e9rie limit\u00e9e !!","og_url":"https:\/\/www.bouedmir-conserverie.bzh\/index.php\/produit\/tartinable-haricot-vert\/","og_site_name":"Boued Mir, conserverie artisanale bretonne","article_publisher":"https:\/\/www.facebook.com\/bouedmirconserverie","article_modified_time":"2026-03-04T12:50:54+00:00","og_image":[{"width":2048,"height":1535,"url":"http:\/\/www.bouedmir-conserverie.bzh\/wp-content\/uploads\/2026\/03\/haricot-vert.jpg","type":"image\/jpeg"}],"twitter_card":"summary_large_image","twitter_misc":{"Dur\u00e9e de lecture estim\u00e9e":"1 minute"},"schema":{"@context":"https:\/\/schema.org","@graph":[{"@type":"WebPage","@id":"https:\/\/www.bouedmir-conserverie.bzh\/index.php\/produit\/tartinable-haricot-vert\/","url":"https:\/\/www.bouedmir-conserverie.bzh\/index.php\/produit\/tartinable-haricot-vert\/","name":"Tartinable HARICOT VERT - Boued Mir, conserverie artisanale bretonne","isPartOf":{"@id":"https:\/\/www.bouedmir-conserverie.bzh\/#website"},"primaryImageOfPage":{"@id":"https:\/\/www.bouedmir-conserverie.bzh\/index.php\/produit\/tartinable-haricot-vert\/#primaryimage"},"image":{"@id":"https:\/\/www.bouedmir-conserverie.bzh\/index.php\/produit\/tartinable-haricot-vert\/#primaryimage"},"thumbnailUrl":"https:\/\/www.bouedmir-conserverie.bzh\/wp-content\/uploads\/2026\/03\/haricot-vert.jpg","datePublished":"2026-03-04T12:42:43+00:00","dateModified":"2026-03-04T12:50:54+00:00","description":"Vous avez d\u00e9j\u00e0 test\u00e9 un tartinable de haricot vert ? Tentez l'exp\u00e9rience avec ce tartinable haricot, menthe et wasabi ! S\u00e9rie limit\u00e9e !!","breadcrumb":{"@id":"https:\/\/www.bouedmir-conserverie.bzh\/index.php\/produit\/tartinable-haricot-vert\/#breadcrumb"},"inLanguage":"fr-FR","potentialAction":[{"@type":"ReadAction","target":["https:\/\/www.bouedmir-conserverie.bzh\/index.php\/produit\/tartinable-haricot-vert\/"]}]},{"@type":"ImageObject","inLanguage":"fr-FR","@id":"https:\/\/www.bouedmir-conserverie.bzh\/index.php\/produit\/tartinable-haricot-vert\/#primaryimage","url":"https:\/\/www.bouedmir-conserverie.bzh\/wp-content\/uploads\/2026\/03\/haricot-vert.jpg","contentUrl":"https:\/\/www.bouedmir-conserverie.bzh\/wp-content\/uploads\/2026\/03\/haricot-vert.jpg","width":2048,"height":1535,"caption":"tartinable haricot vert"},{"@type":"BreadcrumbList","@id":"https:\/\/www.bouedmir-conserverie.bzh\/index.php\/produit\/tartinable-haricot-vert\/#breadcrumb","itemListElement":[{"@type":"ListItem","position":1,"name":"Accueil","item":"https:\/\/www.bouedmir-conserverie.bzh\/"},{"@type":"ListItem","position":2,"name":"Tartinable HARICOT VERT"}]},{"@type":"WebSite","@id":"https:\/\/www.bouedmir-conserverie.bzh\/#website","url":"https:\/\/www.bouedmir-conserverie.bzh\/","name":"Boued Mir, conserverie v\u00e9g\u00e9tale bretonne","description":"Faites-vous plaisir avec un ap\u00e9ro qui a du sens !","publisher":{"@id":"https:\/\/www.bouedmir-conserverie.bzh\/#organization"},"potentialAction":[{"@type":"SearchAction","target":{"@type":"EntryPoint","urlTemplate":"https:\/\/www.bouedmir-conserverie.bzh\/?s={search_term_string}"},"query-input":{"@type":"PropertyValueSpecification","valueRequired":true,"valueName":"search_term_string"}}],"inLanguage":"fr-FR"},{"@type":"Organization","@id":"https:\/\/www.bouedmir-conserverie.bzh\/#organization","name":"Boued Mir, conserverie v\u00e9g\u00e9tale bretonne","url":"https:\/\/www.bouedmir-conserverie.bzh\/","logo":{"@type":"ImageObject","inLanguage":"fr-FR","@id":"https:\/\/www.bouedmir-conserverie.bzh\/#\/schema\/logo\/image\/","url":"https:\/\/www.bouedmir-conserverie.bzh\/wp-content\/uploads\/2024\/09\/BouedMir_Logo_CMJN_Couleurs.png","contentUrl":"https:\/\/www.bouedmir-conserverie.bzh\/wp-content\/uploads\/2024\/09\/BouedMir_Logo_CMJN_Couleurs.png","width":1080,"height":1080,"caption":"Boued Mir, conserverie v\u00e9g\u00e9tale bretonne"},"image":{"@id":"https:\/\/www.bouedmir-conserverie.bzh\/#\/schema\/logo\/image\/"},"sameAs":["https:\/\/www.facebook.com\/bouedmirconserverie","https:\/\/www.instagram.com\/bouedmir_conserverie\/"]}]}},"jetpack_sharing_enabled":true,"_links":{"self":[{"href":"https:\/\/www.bouedmir-conserverie.bzh\/index.php\/wp-json\/wp\/v2\/product\/888","targetHints":{"allow":["GET"]}}],"collection":[{"href":"https:\/\/www.bouedmir-conserverie.bzh\/index.php\/wp-json\/wp\/v2\/product"}],"about":[{"href":"https:\/\/www.bouedmir-conserverie.bzh\/index.php\/wp-json\/wp\/v2\/types\/product"}],"wp:featuredmedia":[{"embeddable":true,"href":"https:\/\/www.bouedmir-conserverie.bzh\/index.php\/wp-json\/wp\/v2\/media\/885"}],"wp:attachment":[{"href":"https:\/\/www.bouedmir-conserverie.bzh\/index.php\/wp-json\/wp\/v2\/media?parent=888"}],"wp:term":[{"taxonomy":"product_brand","embeddable":true,"href":"https:\/\/www.bouedmir-conserverie.bzh\/index.php\/wp-json\/wp\/v2\/product_brand?post=888"},{"taxonomy":"product_cat","embeddable":true,"href":"https:\/\/www.bouedmir-conserverie.bzh\/index.php\/wp-json\/wp\/v2\/product_cat?post=888"},{"taxonomy":"product_tag","embeddable":true,"href":"https:\/\/www.bouedmir-conserverie.bzh\/index.php\/wp-json\/wp\/v2\/product_tag?post=888"}],"curies":[{"name":"wp","href":"https:\/\/api.w.org\/{rel}","templated":true}]}}